{"id":552,"date":"2020-06-26T13:34:33","date_gmt":"2020-06-26T16:34:33","guid":{"rendered":"https:\/\/www.agroventilacion.cl\/home\/?page_id=552"},"modified":"2020-10-09T11:43:35","modified_gmt":"2020-10-09T14:43:35","slug":"sistemas-de-ventilacion","status":"publish","type":"page","link":"https:\/\/www.agroventilacion.cl\/home\/sistemas-de-ventilacion\/","title":{"rendered":"Sistemas de ventilacion"},"content":{"rendered":"<p>[et_pb_section fb_built=\u00bb1&#8243; _builder_version=\u00bb4.3.1&#8243; custom_padding=\u00bb10px||||false|false\u00bb][et_pb_row _builder_version=\u00bb4.3.1&#8243; animation_style=\u00bbfade\u00bb][et_pb_column type=\u00bb4_4&#8243; _builder_version=\u00bb4.3.1&#8243;][et_pb_text _builder_version=\u00bb4.3.1&#8243; header_text_color=\u00bb#96a93b\u00bb]<\/p>\n<h1>VENTILACI\u00d3N<\/h1>\n<p>[\/et_pb_text][et_pb_text _builder_version=\u00bb4.3.1&#8243;]<\/p>\n<p>Contamos con una amplia variedad de sistemas de ventilaci\u00f3n y climatizaci\u00f3n para la Agroindustria. Cont\u00e1ctenos y lo asesoraremos.<\/p>\n<p>[\/et_pb_text][\/et_pb_column][\/et_pb_row][et_pb_row column_structure=\u00bb1_4,1_4,1_4,1_4&#8243; _builder_version=\u00bb4.3.1&#8243; animation_style=\u00bbfade\u00bb hover_enabled=\u00bb0&#8243;][et_pb_column type=\u00bb1_4&#8243; _builder_version=\u00bb4.3.1&#8243;][et_pb_blurb title=\u00bbENFRIAMIENTO\u00bb image=\u00bbhttps:\/\/www.agroventilacion.cl\/home\/wp-content\/uploads\/2020\/06\/MDFX-2.png\u00bb _builder_version=\u00bb4.3.1&#8243; header_text_align=\u00bbcenter\u00bb header_text_color=\u00bb#698031&#8243; body_text_color=\u00bb#96a93b\u00bb text_orientation=\u00bbcenter\u00bb custom_padding=\u00bb||10px||false|false\u00bb link_option_url=\u00bbhttps:\/\/www.agroventilacion.cl\/home\/enfriamiento-aves\/\u00bb hover_enabled=\u00bb0&#8243; box_shadow_style=\u00bbpreset1&#8243;]<\/p>\n<p style=\"text-align: center;\">Ver Cat\u00e1logo<\/p>\n<p>[\/et_pb_blurb][\/et_pb_column][et_pb_column type=\u00bb1_4&#8243; _builder_version=\u00bb4.3.1&#8243;][et_pb_blurb title=\u00bbCALEFACCI\u00d3N\u00bb image=\u00bbhttps:\/\/www.agroventilacion.cl\/home\/wp-content\/uploads\/2020\/07\/ventilacion-calefaccion-agro.jpg\u00bb _builder_version=\u00bb4.3.1&#8243; header_text_align=\u00bbcenter\u00bb header_text_color=\u00bb#698031&#8243; body_text_color=\u00bb#96a93b\u00bb text_orientation=\u00bbcenter\u00bb custom_padding=\u00bb||10px||false|false\u00bb link_option_url=\u00bbhttps:\/\/www.agroventilacion.cl\/home\/calefaccion-aves\/\u00bb box_shadow_style=\u00bbpreset1&#8243;]<\/p>\n<p style=\"text-align: center;\">Ver Cat\u00e1logo<\/p>\n<p>[\/et_pb_blurb][\/et_pb_column][et_pb_column type=\u00bb1_4&#8243; _builder_version=\u00bb4.3.1&#8243;][et_pb_blurb title=\u00bbVENTILADORES Y EXTRACTORES\u00bb image=\u00bbhttps:\/\/www.agroventilacion.cl\/home\/wp-content\/uploads\/2020\/07\/ventilacion-extractores-agro.jpg\u00bb _builder_version=\u00bb4.3.1&#8243; header_text_align=\u00bbcenter\u00bb header_text_color=\u00bb#698031&#8243; body_text_color=\u00bb#96a93b\u00bb text_orientation=\u00bbcenter\u00bb custom_padding=\u00bb||10px||false|false\u00bb link_option_url=\u00bbhttps:\/\/www.agroventilacion.cl\/home\/ventiladores\/\u00bb hover_enabled=\u00bb0&#8243; box_shadow_style=\u00bbpreset1&#8243;]<\/p>\n<p style=\"text-align: center;\">Ver Cat\u00e1logo<\/p>\n<p>[\/et_pb_blurb][\/et_pb_column][et_pb_column type=\u00bb1_4&#8243; _builder_version=\u00bb4.3.1&#8243;][et_pb_blurb title=\u00bbACCESORIOS\u00bb image=\u00bbhttps:\/\/www.agroventilacion.cl\/home\/wp-content\/uploads\/2020\/07\/ventilacion-accesorios-agro.jpg\u00bb _builder_version=\u00bb4.3.1&#8243; header_text_align=\u00bbcenter\u00bb header_text_color=\u00bb#698031&#8243; body_text_color=\u00bb#96a93b\u00bb text_orientation=\u00bbcenter\u00bb custom_padding=\u00bb||10px||false|false\u00bb link_option_url=\u00bbhttps:\/\/www.agroventilacion.cl\/home\/accesorios\/\u00bb box_shadow_style=\u00bbpreset1&#8243;]<\/p>\n<p style=\"text-align: center;\">Ver Cat\u00e1logo<\/p>\n<p>[\/et_pb_blurb][\/et_pb_column][\/et_pb_row][\/et_pb_section][et_pb_section fb_built=\u00bb1&#8243; _builder_version=\u00bb4.3.1&#8243; background_color=\u00bb#96a93b\u00bb min_height=\u00bb116px\u00bb custom_margin=\u00bb||||false|false\u00bb custom_padding=\u00bb10px||||false|false\u00bb animation_style=\u00bbfade\u00bb][et_pb_row _builder_version=\u00bb4.3.1&#8243; custom_margin=\u00bb||-10px||false|false\u00bb custom_padding=\u00bb||0px||false|false\u00bb][et_pb_column type=\u00bb4_4&#8243; _builder_version=\u00bb4.3.1&#8243;][et_pb_text _builder_version=\u00bb4.3.1&#8243; text_text_color=\u00bb#ffffff\u00bb custom_padding=\u00bb||0px|||\u00bb]<\/p>\n<div class=\"et_pb_column ui-sortable et-animated--vb et_pb_column_4_4 et_pb_column_1 et-first-child et-last-child et_pb_with_border\" data-address=\"2.0.0\">\n<div class=\"et_pb_text et_pb_module ui-sortable et_pb_text_1 et-animated--vb et_pb_text_align_left et_pb_bg_layout_light et-fb-module--short et-fb-module--has-mousetrap et-first-child et-last-child\" data-address=\"2.0.0.0\" dynamic=\"[object Object]\" matching=\"[object Object]\" parent_slug=\"et_pb_column\" theme_builder_suffix=\"\" wrapper_settings=\"[object Object]\" _key=\"b2ff3631-accb-11ea-947e-91536a5659d5\">\n<div class=\"et_pb_text_inner\">\n<div data-shortcode-id=\"2.0.0.0-1591980352906\" data-quickaccess-editable=\"yes\" class=\"et-fb-popover-tinymce\">\n<div class=\"mce-content-body\" contenteditable=\"true\">\n<h1 style=\"text-align: center;\"><span color=\"#ffffff\" style=\"color: #ffffff;\">Llegamos a todo Chile!<\/span><\/h1>\n<\/div>\n<\/div>\n<\/div>\n<\/div>\n<\/div>\n<p>[\/et_pb_text][\/et_pb_column][\/et_pb_row][\/et_pb_section]<\/p>\n","protected":false},"excerpt":{"rendered":"<p>VENTILACI\u00d3NContamos con una amplia variedad de sistemas de ventilaci\u00f3n y climatizaci\u00f3n para la Agroindustria. Cont\u00e1ctenos y lo asesoraremos.Ver Cat\u00e1logoVer Cat\u00e1logoVer Cat\u00e1logoVer Cat\u00e1logo Llegamos a todo Chile!<\/p>\n","protected":false},"author":1,"featured_media":0,"parent":0,"menu_order":0,"comment_status":"closed","ping_status":"closed","template":"","meta":{"_et_pb_use_builder":"on","_et_pb_old_content":"<!-- wp:divi\/placeholder \/-->","_et_gb_content_width":"","footnotes":""},"class_list":["post-552","page","type-page","status-publish","hentry"],"yoast_head":"<!-- This site is optimized with the Yoast SEO plugin v24.4 - https:\/\/yoast.com\/wordpress\/plugins\/seo\/ -->\n<title>Sistemas de ventilacion - Agroventilaci\u00f3n<\/title>\n<meta name=\"robots\" content=\"index, follow, max-snippet:-1, max-image-preview:large, max-video-preview:-1\" \/>\n<link rel=\"canonical\" href=\"https:\/\/www.agroventilacion.cl\/home\/sistemas-de-ventilacion\/\" \/>\n<meta property=\"og:locale\" content=\"es_ES\" \/>\n<meta property=\"og:type\" content=\"article\" \/>\n<meta property=\"og:title\" content=\"Sistemas de ventilacion - Agroventilaci\u00f3n\" \/>\n<meta property=\"og:description\" content=\"VENTILACI\u00d3NContamos con una amplia variedad de sistemas de ventilaci\u00f3n y climatizaci\u00f3n para la Agroindustria. Cont\u00e1ctenos y lo asesoraremos.Ver Cat\u00e1logoVer Cat\u00e1logoVer Cat\u00e1logoVer Cat\u00e1logo Llegamos a todo Chile!\" \/>\n<meta property=\"og:url\" content=\"https:\/\/www.agroventilacion.cl\/home\/sistemas-de-ventilacion\/\" \/>\n<meta property=\"og:site_name\" content=\"Agroventilaci\u00f3n\" \/>\n<meta property=\"article:modified_time\" content=\"2020-10-09T14:43:35+00:00\" \/>\n<meta name=\"twitter:card\" content=\"summary_large_image\" \/>\n<meta name=\"twitter:label1\" content=\"Tiempo de lectura\" \/>\n\t<meta name=\"twitter:data1\" content=\"2 minutos\" \/>\n<script type=\"application\/ld+json\" class=\"yoast-schema-graph\">{\"@context\":\"https:\/\/schema.org\",\"@graph\":[{\"@type\":\"WebPage\",\"@id\":\"https:\/\/www.agroventilacion.cl\/home\/sistemas-de-ventilacion\/\",\"url\":\"https:\/\/www.agroventilacion.cl\/home\/sistemas-de-ventilacion\/\",\"name\":\"Sistemas de ventilacion - Agroventilaci\u00f3n\",\"isPartOf\":{\"@id\":\"https:\/\/www.agroventilacion.cl\/home\/#website\"},\"datePublished\":\"2020-06-26T16:34:33+00:00\",\"dateModified\":\"2020-10-09T14:43:35+00:00\",\"breadcrumb\":{\"@id\":\"https:\/\/www.agroventilacion.cl\/home\/sistemas-de-ventilacion\/#breadcrumb\"},\"inLanguage\":\"es\",\"potentialAction\":[{\"@type\":\"ReadAction\",\"target\":[\"https:\/\/www.agroventilacion.cl\/home\/sistemas-de-ventilacion\/\"]}]},{\"@type\":\"BreadcrumbList\",\"@id\":\"https:\/\/www.agroventilacion.cl\/home\/sistemas-de-ventilacion\/#breadcrumb\",\"itemListElement\":[{\"@type\":\"ListItem\",\"position\":1,\"name\":\"Portada\",\"item\":\"https:\/\/www.agroventilacion.cl\/home\/\"},{\"@type\":\"ListItem\",\"position\":2,\"name\":\"Sistemas de ventilacion\"}]},{\"@type\":\"WebSite\",\"@id\":\"https:\/\/www.agroventilacion.cl\/home\/#website\",\"url\":\"https:\/\/www.agroventilacion.cl\/home\/\",\"name\":\"Agroventilaci\u00f3n\",\"description\":\"Soluciones Agroindustriales\",\"publisher\":{\"@id\":\"https:\/\/www.agroventilacion.cl\/home\/#organization\"},\"potentialAction\":[{\"@type\":\"SearchAction\",\"target\":{\"@type\":\"EntryPoint\",\"urlTemplate\":\"https:\/\/www.agroventilacion.cl\/home\/?s={search_term_string}\"},\"query-input\":{\"@type\":\"PropertyValueSpecification\",\"valueRequired\":true,\"valueName\":\"search_term_string\"}}],\"inLanguage\":\"es\"},{\"@type\":\"Organization\",\"@id\":\"https:\/\/www.agroventilacion.cl\/home\/#organization\",\"name\":\"Agroventilaci\u00f3n Soluciones Agroindustriales\",\"url\":\"https:\/\/www.agroventilacion.cl\/home\/\",\"logo\":{\"@type\":\"ImageObject\",\"inLanguage\":\"es\",\"@id\":\"https:\/\/www.agroventilacion.cl\/home\/#\/schema\/logo\/image\/\",\"url\":\"https:\/\/www.agroventilacion.cl\/home\/wp-content\/uploads\/2020\/06\/Logo-agroventilacion-1.png\",\"contentUrl\":\"https:\/\/www.agroventilacion.cl\/home\/wp-content\/uploads\/2020\/06\/Logo-agroventilacion-1.png\",\"width\":218,\"height\":80,\"caption\":\"Agroventilaci\u00f3n Soluciones Agroindustriales\"},\"image\":{\"@id\":\"https:\/\/www.agroventilacion.cl\/home\/#\/schema\/logo\/image\/\"}}]}<\/script>\n<!-- \/ Yoast SEO plugin. -->","yoast_head_json":{"title":"Sistemas de ventilacion - Agroventilaci\u00f3n","robots":{"index":"index","follow":"follow","max-snippet":"max-snippet:-1","max-image-preview":"max-image-preview:large","max-video-preview":"max-video-preview:-1"},"canonical":"https:\/\/www.agroventilacion.cl\/home\/sistemas-de-ventilacion\/","og_locale":"es_ES","og_type":"article","og_title":"Sistemas de ventilacion - Agroventilaci\u00f3n","og_description":"VENTILACI\u00d3NContamos con una amplia variedad de sistemas de ventilaci\u00f3n y climatizaci\u00f3n para la Agroindustria. Cont\u00e1ctenos y lo asesoraremos.Ver Cat\u00e1logoVer Cat\u00e1logoVer Cat\u00e1logoVer Cat\u00e1logo Llegamos a todo Chile!","og_url":"https:\/\/www.agroventilacion.cl\/home\/sistemas-de-ventilacion\/","og_site_name":"Agroventilaci\u00f3n","article_modified_time":"2020-10-09T14:43:35+00:00","twitter_card":"summary_large_image","twitter_misc":{"Tiempo de lectura":"2 minutos"},"schema":{"@context":"https:\/\/schema.org","@graph":[{"@type":"WebPage","@id":"https:\/\/www.agroventilacion.cl\/home\/sistemas-de-ventilacion\/","url":"https:\/\/www.agroventilacion.cl\/home\/sistemas-de-ventilacion\/","name":"Sistemas de ventilacion - Agroventilaci\u00f3n","isPartOf":{"@id":"https:\/\/www.agroventilacion.cl\/home\/#website"},"datePublished":"2020-06-26T16:34:33+00:00","dateModified":"2020-10-09T14:43:35+00:00","breadcrumb":{"@id":"https:\/\/www.agroventilacion.cl\/home\/sistemas-de-ventilacion\/#breadcrumb"},"inLanguage":"es","potentialAction":[{"@type":"ReadAction","target":["https:\/\/www.agroventilacion.cl\/home\/sistemas-de-ventilacion\/"]}]},{"@type":"BreadcrumbList","@id":"https:\/\/www.agroventilacion.cl\/home\/sistemas-de-ventilacion\/#breadcrumb","itemListElement":[{"@type":"ListItem","position":1,"name":"Portada","item":"https:\/\/www.agroventilacion.cl\/home\/"},{"@type":"ListItem","position":2,"name":"Sistemas de ventilacion"}]},{"@type":"WebSite","@id":"https:\/\/www.agroventilacion.cl\/home\/#website","url":"https:\/\/www.agroventilacion.cl\/home\/","name":"Agroventilaci\u00f3n","description":"Soluciones Agroindustriales","publisher":{"@id":"https:\/\/www.agroventilacion.cl\/home\/#organization"},"potentialAction":[{"@type":"SearchAction","target":{"@type":"EntryPoint","urlTemplate":"https:\/\/www.agroventilacion.cl\/home\/?s={search_term_string}"},"query-input":{"@type":"PropertyValueSpecification","valueRequired":true,"valueName":"search_term_string"}}],"inLanguage":"es"},{"@type":"Organization","@id":"https:\/\/www.agroventilacion.cl\/home\/#organization","name":"Agroventilaci\u00f3n Soluciones Agroindustriales","url":"https:\/\/www.agroventilacion.cl\/home\/","logo":{"@type":"ImageObject","inLanguage":"es","@id":"https:\/\/www.agroventilacion.cl\/home\/#\/schema\/logo\/image\/","url":"https:\/\/www.agroventilacion.cl\/home\/wp-content\/uploads\/2020\/06\/Logo-agroventilacion-1.png","contentUrl":"https:\/\/www.agroventilacion.cl\/home\/wp-content\/uploads\/2020\/06\/Logo-agroventilacion-1.png","width":218,"height":80,"caption":"Agroventilaci\u00f3n Soluciones Agroindustriales"},"image":{"@id":"https:\/\/www.agroventilacion.cl\/home\/#\/schema\/logo\/image\/"}}]}},"_links":{"self":[{"href":"https:\/\/www.agroventilacion.cl\/home\/wp-json\/wp\/v2\/pages\/552","targetHints":{"allow":["GET"]}}],"collection":[{"href":"https:\/\/www.agroventilacion.cl\/home\/wp-json\/wp\/v2\/pages"}],"about":[{"href":"https:\/\/www.agroventilacion.cl\/home\/wp-json\/wp\/v2\/types\/page"}],"author":[{"embeddable":true,"href":"https:\/\/www.agroventilacion.cl\/home\/wp-json\/wp\/v2\/users\/1"}],"replies":[{"embeddable":true,"href":"https:\/\/www.agroventilacion.cl\/home\/wp-json\/wp\/v2\/comments?post=552"}],"version-history":[{"count":11,"href":"https:\/\/www.agroventilacion.cl\/home\/wp-json\/wp\/v2\/pages\/552\/revisions"}],"predecessor-version":[{"id":2066,"href":"https:\/\/www.agroventilacion.cl\/home\/wp-json\/wp\/v2\/pages\/552\/revisions\/2066"}],"wp:attachment":[{"href":"https:\/\/www.agroventilacion.cl\/home\/wp-json\/wp\/v2\/media?parent=552"}],"curies":[{"name":"wp","href":"https:\/\/api.w.org\/{rel}","templated":true}]}}