{"id":560,"date":"2020-06-26T13:37:29","date_gmt":"2020-06-26T16:37:29","guid":{"rendered":"https:\/\/www.agroventilacion.cl\/home\/?page_id=560"},"modified":"2020-07-10T20:11:10","modified_gmt":"2020-07-10T23:11:10","slug":"transporte-de-huevos","status":"publish","type":"page","link":"https:\/\/www.agroventilacion.cl\/home\/transporte-de-huevos\/","title":{"rendered":"Transporte de huevos"},"content":{"rendered":"<p>[et_pb_section fb_built=\u00bb1&#8243; _builder_version=\u00bb4.3.1&#8243; custom_padding=\u00bb10px||||false|false\u00bb][et_pb_row _builder_version=\u00bb4.3.1&#8243; custom_padding=\u00bb||0px||false|false\u00bb][et_pb_column type=\u00bb4_4&#8243; _builder_version=\u00bb4.3.1&#8243;][et_pb_text _builder_version=\u00bb4.3.1&#8243;]<\/p>\n<h1>TRANSPORTE DE HUEVOS<\/h1>\n<p>[\/et_pb_text][\/et_pb_column][\/et_pb_row][et_pb_row column_structure=\u00bb1_2,1_2&#8243; _builder_version=\u00bb4.3.1&#8243; hover_enabled=\u00bb0&#8243; animation_style=\u00bbfade\u00bb][et_pb_column type=\u00bb1_2&#8243; _builder_version=\u00bb4.3.1&#8243;][et_pb_blurb title=\u00bbCONVEYOR\u00bb url=\u00bbhttps:\/\/www.agroventilacion.cl\/home\/conveyor-aves\/\u00bb image=\u00bbhttps:\/\/www.agroventilacion.cl\/home\/wp-content\/uploads\/2020\/07\/Kurvenfoerderer-2.jpg\u00bb _builder_version=\u00bb4.3.1&#8243; header_text_align=\u00bbcenter\u00bb header_font_size=\u00bb24px\u00bb custom_padding=\u00bb15px|15px|30px|15px|false|false\u00bb border_radii=\u00bbon|5px|5px|5px|5px\u00bb box_shadow_style=\u00bbpreset1&#8243;]<\/p>\n<p style=\"text-align: justify;\"><span>El sistema de transporte es de crucial importancia para las granjas de huevos de todos los tama\u00f1os.\u00a0<\/span><span>Las variaciones en la disposici\u00f3n de los edificios siempre requieren una soluci\u00f3n individual a medida.<\/span><\/p>\n<p style=\"text-align: center;\"><strong><span style=\"color: #808000;\"><a href=\"https:\/\/www.agroventilacion.cl\/home\/conveyor-aves\/\" style=\"color: #698031;\">VER M\u00c1S<\/a><\/span><\/strong><\/p>\n<p>[\/et_pb_blurb][\/et_pb_column][et_pb_column type=\u00bb1_2&#8243; _builder_version=\u00bb4.3.1&#8243;][et_pb_blurb title=\u00bbBANDEJAS, JAVAS Y PALLETS\u00bb url=\u00bbhttps:\/\/www.agroventilacion.cl\/home\/bandejas-aves\/\u00bb image=\u00bbhttps:\/\/www.agroventilacion.cl\/home\/wp-content\/uploads\/2020\/07\/TRANSPORTE-DE-HUEVOS.jpg\u00bb _builder_version=\u00bb4.3.1&#8243; header_text_align=\u00bbcenter\u00bb header_font_size=\u00bb24px\u00bb custom_padding=\u00bb15px|15px|30px|15px|false|false\u00bb border_radii=\u00bbon|5px|5px|5px|5px\u00bb box_shadow_style=\u00bbpreset1&#8243;]<\/p>\n<p style=\"text-align: justify;\"><span>Equipos para el transporte de huevos destinados a consumo en fresco.\u00a0<\/span><span>Dise\u00f1ados para reducir dr\u00e1sticamente el riesgo de da\u00f1o de los huevos, estos equipos son usados a nivel internacional en la industria av\u00edcola.<\/span><\/p>\n<p style=\"text-align: center;\"><strong><span style=\"color: #808000;\"><a href=\"https:\/\/www.agroventilacion.cl\/home\/bandejas-aves\/\" style=\"color: #698031;\">VER M\u00c1S<\/a><\/span><\/strong><\/p>\n<p>[\/et_pb_blurb][\/et_pb_column][\/et_pb_row][\/et_pb_section]<\/p>\n","protected":false},"excerpt":{"rendered":"<p>TRANSPORTE DE HUEVOSEl sistema de transporte es de crucial importancia para las granjas de huevos de todos los tama\u00f1os.\u00a0Las variaciones en la disposici\u00f3n de los edificios siempre requieren una soluci\u00f3n individual a medida. VER M\u00c1SEquipos para el transporte de huevos destinados a consumo en fresco.\u00a0Dise\u00f1ados para reducir dr\u00e1sticamente el riesgo de da\u00f1o de los huevos, [&hellip;]<\/p>\n","protected":false},"author":1,"featured_media":0,"parent":0,"menu_order":0,"comment_status":"closed","ping_status":"closed","template":"","meta":{"_et_pb_use_builder":"on","_et_pb_old_content":"<!-- wp:divi\/placeholder \/-->","_et_gb_content_width":"","footnotes":""},"class_list":["post-560","page","type-page","status-publish","hentry"],"yoast_head":"<!-- This site is optimized with the Yoast SEO plugin v24.4 - https:\/\/yoast.com\/wordpress\/plugins\/seo\/ -->\n<title>Transporte de huevos - Agroventilaci\u00f3n<\/title>\n<meta name=\"robots\" content=\"index, follow, max-snippet:-1, max-image-preview:large, max-video-preview:-1\" \/>\n<link rel=\"canonical\" href=\"https:\/\/www.agroventilacion.cl\/home\/transporte-de-huevos\/\" \/>\n<meta property=\"og:locale\" content=\"es_ES\" \/>\n<meta property=\"og:type\" content=\"article\" \/>\n<meta property=\"og:title\" content=\"Transporte de huevos - Agroventilaci\u00f3n\" \/>\n<meta property=\"og:description\" content=\"TRANSPORTE DE HUEVOSEl sistema de transporte es de crucial importancia para las granjas de huevos de todos los tama\u00f1os.\u00a0Las variaciones en la disposici\u00f3n de los edificios siempre requieren una soluci\u00f3n individual a medida. VER M\u00c1SEquipos para el transporte de huevos destinados a consumo en fresco.\u00a0Dise\u00f1ados para reducir dr\u00e1sticamente el riesgo de da\u00f1o de los huevos, [&hellip;]\" \/>\n<meta property=\"og:url\" content=\"https:\/\/www.agroventilacion.cl\/home\/transporte-de-huevos\/\" \/>\n<meta property=\"og:site_name\" content=\"Agroventilaci\u00f3n\" \/>\n<meta property=\"article:modified_time\" content=\"2020-07-10T23:11:10+00:00\" \/>\n<meta name=\"twitter:card\" content=\"summary_large_image\" \/>\n<meta name=\"twitter:label1\" content=\"Tiempo de lectura\" \/>\n\t<meta name=\"twitter:data1\" content=\"1 minuto\" \/>\n<script type=\"application\/ld+json\" class=\"yoast-schema-graph\">{\"@context\":\"https:\/\/schema.org\",\"@graph\":[{\"@type\":\"WebPage\",\"@id\":\"https:\/\/www.agroventilacion.cl\/home\/transporte-de-huevos\/\",\"url\":\"https:\/\/www.agroventilacion.cl\/home\/transporte-de-huevos\/\",\"name\":\"Transporte de huevos - Agroventilaci\u00f3n\",\"isPartOf\":{\"@id\":\"https:\/\/www.agroventilacion.cl\/home\/#website\"},\"datePublished\":\"2020-06-26T16:37:29+00:00\",\"dateModified\":\"2020-07-10T23:11:10+00:00\",\"breadcrumb\":{\"@id\":\"https:\/\/www.agroventilacion.cl\/home\/transporte-de-huevos\/#breadcrumb\"},\"inLanguage\":\"es\",\"potentialAction\":[{\"@type\":\"ReadAction\",\"target\":[\"https:\/\/www.agroventilacion.cl\/home\/transporte-de-huevos\/\"]}]},{\"@type\":\"BreadcrumbList\",\"@id\":\"https:\/\/www.agroventilacion.cl\/home\/transporte-de-huevos\/#breadcrumb\",\"itemListElement\":[{\"@type\":\"ListItem\",\"position\":1,\"name\":\"Portada\",\"item\":\"https:\/\/www.agroventilacion.cl\/home\/\"},{\"@type\":\"ListItem\",\"position\":2,\"name\":\"Transporte de huevos\"}]},{\"@type\":\"WebSite\",\"@id\":\"https:\/\/www.agroventilacion.cl\/home\/#website\",\"url\":\"https:\/\/www.agroventilacion.cl\/home\/\",\"name\":\"Agroventilaci\u00f3n\",\"description\":\"Soluciones Agroindustriales\",\"publisher\":{\"@id\":\"https:\/\/www.agroventilacion.cl\/home\/#organization\"},\"potentialAction\":[{\"@type\":\"SearchAction\",\"target\":{\"@type\":\"EntryPoint\",\"urlTemplate\":\"https:\/\/www.agroventilacion.cl\/home\/?s={search_term_string}\"},\"query-input\":{\"@type\":\"PropertyValueSpecification\",\"valueRequired\":true,\"valueName\":\"search_term_string\"}}],\"inLanguage\":\"es\"},{\"@type\":\"Organization\",\"@id\":\"https:\/\/www.agroventilacion.cl\/home\/#organization\",\"name\":\"Agroventilaci\u00f3n Soluciones Agroindustriales\",\"url\":\"https:\/\/www.agroventilacion.cl\/home\/\",\"logo\":{\"@type\":\"ImageObject\",\"inLanguage\":\"es\",\"@id\":\"https:\/\/www.agroventilacion.cl\/home\/#\/schema\/logo\/image\/\",\"url\":\"https:\/\/www.agroventilacion.cl\/home\/wp-content\/uploads\/2020\/06\/Logo-agroventilacion-1.png\",\"contentUrl\":\"https:\/\/www.agroventilacion.cl\/home\/wp-content\/uploads\/2020\/06\/Logo-agroventilacion-1.png\",\"width\":218,\"height\":80,\"caption\":\"Agroventilaci\u00f3n Soluciones Agroindustriales\"},\"image\":{\"@id\":\"https:\/\/www.agroventilacion.cl\/home\/#\/schema\/logo\/image\/\"}}]}<\/script>\n<!-- \/ Yoast SEO plugin. -->","yoast_head_json":{"title":"Transporte de huevos - Agroventilaci\u00f3n","robots":{"index":"index","follow":"follow","max-snippet":"max-snippet:-1","max-image-preview":"max-image-preview:large","max-video-preview":"max-video-preview:-1"},"canonical":"https:\/\/www.agroventilacion.cl\/home\/transporte-de-huevos\/","og_locale":"es_ES","og_type":"article","og_title":"Transporte de huevos - Agroventilaci\u00f3n","og_description":"TRANSPORTE DE HUEVOSEl sistema de transporte es de crucial importancia para las granjas de huevos de todos los tama\u00f1os.\u00a0Las variaciones en la disposici\u00f3n de los edificios siempre requieren una soluci\u00f3n individual a medida. VER M\u00c1SEquipos para el transporte de huevos destinados a consumo en fresco.\u00a0Dise\u00f1ados para reducir dr\u00e1sticamente el riesgo de da\u00f1o de los huevos, [&hellip;]","og_url":"https:\/\/www.agroventilacion.cl\/home\/transporte-de-huevos\/","og_site_name":"Agroventilaci\u00f3n","article_modified_time":"2020-07-10T23:11:10+00:00","twitter_card":"summary_large_image","twitter_misc":{"Tiempo de lectura":"1 minuto"},"schema":{"@context":"https:\/\/schema.org","@graph":[{"@type":"WebPage","@id":"https:\/\/www.agroventilacion.cl\/home\/transporte-de-huevos\/","url":"https:\/\/www.agroventilacion.cl\/home\/transporte-de-huevos\/","name":"Transporte de huevos - Agroventilaci\u00f3n","isPartOf":{"@id":"https:\/\/www.agroventilacion.cl\/home\/#website"},"datePublished":"2020-06-26T16:37:29+00:00","dateModified":"2020-07-10T23:11:10+00:00","breadcrumb":{"@id":"https:\/\/www.agroventilacion.cl\/home\/transporte-de-huevos\/#breadcrumb"},"inLanguage":"es","potentialAction":[{"@type":"ReadAction","target":["https:\/\/www.agroventilacion.cl\/home\/transporte-de-huevos\/"]}]},{"@type":"BreadcrumbList","@id":"https:\/\/www.agroventilacion.cl\/home\/transporte-de-huevos\/#breadcrumb","itemListElement":[{"@type":"ListItem","position":1,"name":"Portada","item":"https:\/\/www.agroventilacion.cl\/home\/"},{"@type":"ListItem","position":2,"name":"Transporte de huevos"}]},{"@type":"WebSite","@id":"https:\/\/www.agroventilacion.cl\/home\/#website","url":"https:\/\/www.agroventilacion.cl\/home\/","name":"Agroventilaci\u00f3n","description":"Soluciones Agroindustriales","publisher":{"@id":"https:\/\/www.agroventilacion.cl\/home\/#organization"},"potentialAction":[{"@type":"SearchAction","target":{"@type":"EntryPoint","urlTemplate":"https:\/\/www.agroventilacion.cl\/home\/?s={search_term_string}"},"query-input":{"@type":"PropertyValueSpecification","valueRequired":true,"valueName":"search_term_string"}}],"inLanguage":"es"},{"@type":"Organization","@id":"https:\/\/www.agroventilacion.cl\/home\/#organization","name":"Agroventilaci\u00f3n Soluciones Agroindustriales","url":"https:\/\/www.agroventilacion.cl\/home\/","logo":{"@type":"ImageObject","inLanguage":"es","@id":"https:\/\/www.agroventilacion.cl\/home\/#\/schema\/logo\/image\/","url":"https:\/\/www.agroventilacion.cl\/home\/wp-content\/uploads\/2020\/06\/Logo-agroventilacion-1.png","contentUrl":"https:\/\/www.agroventilacion.cl\/home\/wp-content\/uploads\/2020\/06\/Logo-agroventilacion-1.png","width":218,"height":80,"caption":"Agroventilaci\u00f3n Soluciones Agroindustriales"},"image":{"@id":"https:\/\/www.agroventilacion.cl\/home\/#\/schema\/logo\/image\/"}}]}},"_links":{"self":[{"href":"https:\/\/www.agroventilacion.cl\/home\/wp-json\/wp\/v2\/pages\/560","targetHints":{"allow":["GET"]}}],"collection":[{"href":"https:\/\/www.agroventilacion.cl\/home\/wp-json\/wp\/v2\/pages"}],"about":[{"href":"https:\/\/www.agroventilacion.cl\/home\/wp-json\/wp\/v2\/types\/page"}],"author":[{"embeddable":true,"href":"https:\/\/www.agroventilacion.cl\/home\/wp-json\/wp\/v2\/users\/1"}],"replies":[{"embeddable":true,"href":"https:\/\/www.agroventilacion.cl\/home\/wp-json\/wp\/v2\/comments?post=560"}],"version-history":[{"count":8,"href":"https:\/\/www.agroventilacion.cl\/home\/wp-json\/wp\/v2\/pages\/560\/revisions"}],"predecessor-version":[{"id":1445,"href":"https:\/\/www.agroventilacion.cl\/home\/wp-json\/wp\/v2\/pages\/560\/revisions\/1445"}],"wp:attachment":[{"href":"https:\/\/www.agroventilacion.cl\/home\/wp-json\/wp\/v2\/media?parent=560"}],"curies":[{"name":"wp","href":"https:\/\/api.w.org\/{rel}","templated":true}]}}