{"id":1232,"date":"2020-07-07T18:49:03","date_gmt":"2020-07-07T21:49:03","guid":{"rendered":"https:\/\/www.agroventilacion.cl\/home\/?post_type=product&#038;p=1232"},"modified":"2020-10-01T17:41:10","modified_gmt":"2020-10-01T20:41:10","slug":"transportador-de-barras-para-la-recogida-de-huevos","status":"publish","type":"product","link":"https:\/\/www.agroventilacion.cl\/home\/producto\/transportador-de-barras-para-la-recogida-de-huevos\/","title":{"rendered":"Transportador de barras para la recogida de huevos"},"content":{"rendered":"","protected":false},"excerpt":{"rendered":"<p>El transportador de barras se dise\u00f1\u00f3 para que sea f\u00e1cil de instalar y, por lo tanto, econ\u00f3mico.<br \/>\nEl dise\u00f1o facilita la adaptaci\u00f3n del transportador a cualquier situaci\u00f3n dada. El coraz\u00f3n del sistema es la cinta transportadora montada que, debido a la disposici\u00f3n, minimiza el n\u00famero de huevos da\u00f1ados. Est\u00e1 hecho de tubos de pl\u00e1stico estabilizados que est\u00e1n conectados por cadenas en ambos lados.<\/p>\n<p>La correa es guiada por perfiles hechos de acero galvanizado que est\u00e1n conectados entre s\u00ed por soportes de piso que se pueden cambiar en altura. Debido a la distancia entre las tuber\u00edas, los huevos m\u00e1s peque\u00f1os no caer\u00e1n a trav\u00e9s del cintur\u00f3n, incluso en un gradiente de 20\u00b0.<\/p>\n","protected":false},"featured_media":1233,"template":"","meta":{"_et_pb_use_builder":"","_et_pb_old_content":"","_et_gb_content_width":""},"class_list":{"0":"post-1232","1":"product","2":"type-product","3":"status-publish","4":"has-post-thumbnail","6":"product_cat-transporte-huevos-conveyor","8":"first","9":"instock","10":"shipping-taxable","11":"product-type-simple"},"yoast_head":"<!-- This site is optimized with the Yoast SEO plugin v24.4 - https:\/\/yoast.com\/wordpress\/plugins\/seo\/ -->\n<title>Transportador de barras para la recogida de huevos - Agroventilaci\u00f3n<\/title>\n<meta name=\"robots\" content=\"index, follow, max-snippet:-1, max-image-preview:large, max-video-preview:-1\" \/>\n<link rel=\"canonical\" href=\"https:\/\/www.agroventilacion.cl\/home\/producto\/transportador-de-barras-para-la-recogida-de-huevos\/\" \/>\n<meta property=\"og:locale\" content=\"es_ES\" \/>\n<meta property=\"og:type\" content=\"article\" \/>\n<meta property=\"og:title\" content=\"Transportador de barras para la recogida de huevos - Agroventilaci\u00f3n\" \/>\n<meta property=\"og:description\" content=\"El transportador de barras se dise\u00f1\u00f3 para que sea f\u00e1cil de instalar y, por lo tanto, econ\u00f3mico. El dise\u00f1o facilita la adaptaci\u00f3n del transportador a cualquier situaci\u00f3n dada. El coraz\u00f3n del sistema es la cinta transportadora montada que, debido a la disposici\u00f3n, minimiza el n\u00famero de huevos da\u00f1ados. Est\u00e1 hecho de tubos de pl\u00e1stico estabilizados que est\u00e1n conectados por cadenas en ambos lados.  La correa es guiada por perfiles hechos de acero galvanizado que est\u00e1n conectados entre s\u00ed por soportes de piso que se pueden cambiar en altura. Debido a la distancia entre las tuber\u00edas, los huevos m\u00e1s peque\u00f1os no caer\u00e1n a trav\u00e9s del cintur\u00f3n, incluso en un gradiente de 20\u00b0.\" \/>\n<meta property=\"og:url\" content=\"https:\/\/www.agroventilacion.cl\/home\/producto\/transportador-de-barras-para-la-recogida-de-huevos\/\" \/>\n<meta property=\"og:site_name\" content=\"Agroventilaci\u00f3n\" \/>\n<meta property=\"article:modified_time\" content=\"2020-10-01T20:41:10+00:00\" \/>\n<meta property=\"og:image\" content=\"https:\/\/www.agroventilacion.cl\/home\/wp-content\/uploads\/2020\/07\/Stabfoerderer.jpg\" \/>\n\t<meta property=\"og:image:width\" content=\"900\" \/>\n\t<meta property=\"og:image:height\" content=\"675\" \/>\n\t<meta property=\"og:image:type\" content=\"image\/jpeg\" \/>\n<meta name=\"twitter:card\" content=\"summary_large_image\" \/>\n<script type=\"application\/ld+json\" class=\"yoast-schema-graph\">{\"@context\":\"https:\/\/schema.org\",\"@graph\":[{\"@type\":\"WebPage\",\"@id\":\"https:\/\/www.agroventilacion.cl\/home\/producto\/transportador-de-barras-para-la-recogida-de-huevos\/\",\"url\":\"https:\/\/www.agroventilacion.cl\/home\/producto\/transportador-de-barras-para-la-recogida-de-huevos\/\",\"name\":\"Transportador de barras para la recogida de huevos - Agroventilaci\u00f3n\",\"isPartOf\":{\"@id\":\"https:\/\/www.agroventilacion.cl\/home\/#website\"},\"primaryImageOfPage\":{\"@id\":\"https:\/\/www.agroventilacion.cl\/home\/producto\/transportador-de-barras-para-la-recogida-de-huevos\/#primaryimage\"},\"image\":{\"@id\":\"https:\/\/www.agroventilacion.cl\/home\/producto\/transportador-de-barras-para-la-recogida-de-huevos\/#primaryimage\"},\"thumbnailUrl\":\"https:\/\/www.agroventilacion.cl\/home\/wp-content\/uploads\/2020\/07\/Stabfoerderer.jpg\",\"datePublished\":\"2020-07-07T21:49:03+00:00\",\"dateModified\":\"2020-10-01T20:41:10+00:00\",\"breadcrumb\":{\"@id\":\"https:\/\/www.agroventilacion.cl\/home\/producto\/transportador-de-barras-para-la-recogida-de-huevos\/#breadcrumb\"},\"inLanguage\":\"es\",\"potentialAction\":[{\"@type\":\"ReadAction\",\"target\":[\"https:\/\/www.agroventilacion.cl\/home\/producto\/transportador-de-barras-para-la-recogida-de-huevos\/\"]}]},{\"@type\":\"ImageObject\",\"inLanguage\":\"es\",\"@id\":\"https:\/\/www.agroventilacion.cl\/home\/producto\/transportador-de-barras-para-la-recogida-de-huevos\/#primaryimage\",\"url\":\"https:\/\/www.agroventilacion.cl\/home\/wp-content\/uploads\/2020\/07\/Stabfoerderer.jpg\",\"contentUrl\":\"https:\/\/www.agroventilacion.cl\/home\/wp-content\/uploads\/2020\/07\/Stabfoerderer.jpg\",\"width\":900,\"height\":675},{\"@type\":\"BreadcrumbList\",\"@id\":\"https:\/\/www.agroventilacion.cl\/home\/producto\/transportador-de-barras-para-la-recogida-de-huevos\/#breadcrumb\",\"itemListElement\":[{\"@type\":\"ListItem\",\"position\":1,\"name\":\"Portada\",\"item\":\"https:\/\/www.agroventilacion.cl\/home\/\"},{\"@type\":\"ListItem\",\"position\":2,\"name\":\"Tienda\",\"item\":\"https:\/\/www.agroventilacion.cl\/home\/tienda\/\"},{\"@type\":\"ListItem\",\"position\":3,\"name\":\"Transportador de barras para la recogida de huevos\"}]},{\"@type\":\"WebSite\",\"@id\":\"https:\/\/www.agroventilacion.cl\/home\/#website\",\"url\":\"https:\/\/www.agroventilacion.cl\/home\/\",\"name\":\"Agroventilaci\u00f3n\",\"description\":\"Soluciones Agroindustriales\",\"publisher\":{\"@id\":\"https:\/\/www.agroventilacion.cl\/home\/#organization\"},\"potentialAction\":[{\"@type\":\"SearchAction\",\"target\":{\"@type\":\"EntryPoint\",\"urlTemplate\":\"https:\/\/www.agroventilacion.cl\/home\/?s={search_term_string}\"},\"query-input\":{\"@type\":\"PropertyValueSpecification\",\"valueRequired\":true,\"valueName\":\"search_term_string\"}}],\"inLanguage\":\"es\"},{\"@type\":\"Organization\",\"@id\":\"https:\/\/www.agroventilacion.cl\/home\/#organization\",\"name\":\"Agroventilaci\u00f3n Soluciones Agroindustriales\",\"url\":\"https:\/\/www.agroventilacion.cl\/home\/\",\"logo\":{\"@type\":\"ImageObject\",\"inLanguage\":\"es\",\"@id\":\"https:\/\/www.agroventilacion.cl\/home\/#\/schema\/logo\/image\/\",\"url\":\"https:\/\/www.agroventilacion.cl\/home\/wp-content\/uploads\/2020\/06\/Logo-agroventilacion-1.png\",\"contentUrl\":\"https:\/\/www.agroventilacion.cl\/home\/wp-content\/uploads\/2020\/06\/Logo-agroventilacion-1.png\",\"width\":218,\"height\":80,\"caption\":\"Agroventilaci\u00f3n Soluciones Agroindustriales\"},\"image\":{\"@id\":\"https:\/\/www.agroventilacion.cl\/home\/#\/schema\/logo\/image\/\"}}]}<\/script>\n<!-- \/ Yoast SEO plugin. -->","yoast_head_json":{"title":"Transportador de barras para la recogida de huevos - Agroventilaci\u00f3n","robots":{"index":"index","follow":"follow","max-snippet":"max-snippet:-1","max-image-preview":"max-image-preview:large","max-video-preview":"max-video-preview:-1"},"canonical":"https:\/\/www.agroventilacion.cl\/home\/producto\/transportador-de-barras-para-la-recogida-de-huevos\/","og_locale":"es_ES","og_type":"article","og_title":"Transportador de barras para la recogida de huevos - Agroventilaci\u00f3n","og_description":"El transportador de barras se dise\u00f1\u00f3 para que sea f\u00e1cil de instalar y, por lo tanto, econ\u00f3mico. El dise\u00f1o facilita la adaptaci\u00f3n del transportador a cualquier situaci\u00f3n dada. El coraz\u00f3n del sistema es la cinta transportadora montada que, debido a la disposici\u00f3n, minimiza el n\u00famero de huevos da\u00f1ados. Est\u00e1 hecho de tubos de pl\u00e1stico estabilizados que est\u00e1n conectados por cadenas en ambos lados.  La correa es guiada por perfiles hechos de acero galvanizado que est\u00e1n conectados entre s\u00ed por soportes de piso que se pueden cambiar en altura. Debido a la distancia entre las tuber\u00edas, los huevos m\u00e1s peque\u00f1os no caer\u00e1n a trav\u00e9s del cintur\u00f3n, incluso en un gradiente de 20\u00b0.","og_url":"https:\/\/www.agroventilacion.cl\/home\/producto\/transportador-de-barras-para-la-recogida-de-huevos\/","og_site_name":"Agroventilaci\u00f3n","article_modified_time":"2020-10-01T20:41:10+00:00","og_image":[{"width":900,"height":675,"url":"https:\/\/www.agroventilacion.cl\/home\/wp-content\/uploads\/2020\/07\/Stabfoerderer.jpg","type":"image\/jpeg"}],"twitter_card":"summary_large_image","schema":{"@context":"https:\/\/schema.org","@graph":[{"@type":"WebPage","@id":"https:\/\/www.agroventilacion.cl\/home\/producto\/transportador-de-barras-para-la-recogida-de-huevos\/","url":"https:\/\/www.agroventilacion.cl\/home\/producto\/transportador-de-barras-para-la-recogida-de-huevos\/","name":"Transportador de barras para la recogida de huevos - Agroventilaci\u00f3n","isPartOf":{"@id":"https:\/\/www.agroventilacion.cl\/home\/#website"},"primaryImageOfPage":{"@id":"https:\/\/www.agroventilacion.cl\/home\/producto\/transportador-de-barras-para-la-recogida-de-huevos\/#primaryimage"},"image":{"@id":"https:\/\/www.agroventilacion.cl\/home\/producto\/transportador-de-barras-para-la-recogida-de-huevos\/#primaryimage"},"thumbnailUrl":"https:\/\/www.agroventilacion.cl\/home\/wp-content\/uploads\/2020\/07\/Stabfoerderer.jpg","datePublished":"2020-07-07T21:49:03+00:00","dateModified":"2020-10-01T20:41:10+00:00","breadcrumb":{"@id":"https:\/\/www.agroventilacion.cl\/home\/producto\/transportador-de-barras-para-la-recogida-de-huevos\/#breadcrumb"},"inLanguage":"es","potentialAction":[{"@type":"ReadAction","target":["https:\/\/www.agroventilacion.cl\/home\/producto\/transportador-de-barras-para-la-recogida-de-huevos\/"]}]},{"@type":"ImageObject","inLanguage":"es","@id":"https:\/\/www.agroventilacion.cl\/home\/producto\/transportador-de-barras-para-la-recogida-de-huevos\/#primaryimage","url":"https:\/\/www.agroventilacion.cl\/home\/wp-content\/uploads\/2020\/07\/Stabfoerderer.jpg","contentUrl":"https:\/\/www.agroventilacion.cl\/home\/wp-content\/uploads\/2020\/07\/Stabfoerderer.jpg","width":900,"height":675},{"@type":"BreadcrumbList","@id":"https:\/\/www.agroventilacion.cl\/home\/producto\/transportador-de-barras-para-la-recogida-de-huevos\/#breadcrumb","itemListElement":[{"@type":"ListItem","position":1,"name":"Portada","item":"https:\/\/www.agroventilacion.cl\/home\/"},{"@type":"ListItem","position":2,"name":"Tienda","item":"https:\/\/www.agroventilacion.cl\/home\/tienda\/"},{"@type":"ListItem","position":3,"name":"Transportador de barras para la recogida de huevos"}]},{"@type":"WebSite","@id":"https:\/\/www.agroventilacion.cl\/home\/#website","url":"https:\/\/www.agroventilacion.cl\/home\/","name":"Agroventilaci\u00f3n","description":"Soluciones Agroindustriales","publisher":{"@id":"https:\/\/www.agroventilacion.cl\/home\/#organization"},"potentialAction":[{"@type":"SearchAction","target":{"@type":"EntryPoint","urlTemplate":"https:\/\/www.agroventilacion.cl\/home\/?s={search_term_string}"},"query-input":{"@type":"PropertyValueSpecification","valueRequired":true,"valueName":"search_term_string"}}],"inLanguage":"es"},{"@type":"Organization","@id":"https:\/\/www.agroventilacion.cl\/home\/#organization","name":"Agroventilaci\u00f3n Soluciones Agroindustriales","url":"https:\/\/www.agroventilacion.cl\/home\/","logo":{"@type":"ImageObject","inLanguage":"es","@id":"https:\/\/www.agroventilacion.cl\/home\/#\/schema\/logo\/image\/","url":"https:\/\/www.agroventilacion.cl\/home\/wp-content\/uploads\/2020\/06\/Logo-agroventilacion-1.png","contentUrl":"https:\/\/www.agroventilacion.cl\/home\/wp-content\/uploads\/2020\/06\/Logo-agroventilacion-1.png","width":218,"height":80,"caption":"Agroventilaci\u00f3n Soluciones Agroindustriales"},"image":{"@id":"https:\/\/www.agroventilacion.cl\/home\/#\/schema\/logo\/image\/"}}]}},"_links":{"self":[{"href":"https:\/\/www.agroventilacion.cl\/home\/wp-json\/wp\/v2\/product\/1232","targetHints":{"allow":["GET"]}}],"collection":[{"href":"https:\/\/www.agroventilacion.cl\/home\/wp-json\/wp\/v2\/product"}],"about":[{"href":"https:\/\/www.agroventilacion.cl\/home\/wp-json\/wp\/v2\/types\/product"}],"wp:featuredmedia":[{"embeddable":true,"href":"https:\/\/www.agroventilacion.cl\/home\/wp-json\/wp\/v2\/media\/1233"}],"wp:attachment":[{"href":"https:\/\/www.agroventilacion.cl\/home\/wp-json\/wp\/v2\/media?parent=1232"}],"curies":[{"name":"wp","href":"https:\/\/api.w.org\/{rel}","templated":true}]}}