{"id":1498,"date":"2020-07-15T19:51:35","date_gmt":"2020-07-15T22:51:35","guid":{"rendered":"https:\/\/www.agroventilacion.cl\/home\/?post_type=product&#038;p=1498"},"modified":"2020-07-15T19:56:33","modified_gmt":"2020-07-15T22:56:33","slug":"sistema-de-automatizacion-avicola-t20-t21","status":"publish","type":"product","link":"https:\/\/www.agroventilacion.cl\/home\/producto\/sistema-de-automatizacion-avicola-t20-t21\/","title":{"rendered":"Sistema de Automatizaci\u00f3n Av\u00edcola T20 &#8211; T21"},"content":{"rendered":"","protected":false},"excerpt":{"rendered":"<ul>\n<li>Se puede configurar para enfriar o calentar<\/li>\n<li>Permite modular la temperatura deseada<\/li>\n<li>Puede controlar la temperatura de -20\u00b0C a 80\u00b0C agregando una sonda de temperatura.<br \/>\nResoluci\u00f3n 0.1\u00b0C<br \/>\nPrecisi\u00f3n +\/- 0.2\u00b0C<\/li>\n<li>Tiene funci\u00f3n de temporizaci\u00f3n.<\/li>\n<li>Tiene modo de hist\u00e9resis.<\/li>\n<\/ul>\n<p><strong>Especificaciones t\u00e9cnicas<\/strong><\/p>\n<p>Referencia: T20 \/ T21.<br \/>\nEntradas: 1 sonda de temperatura.<br \/>\nSalidas: 1 rel\u00e9 T20. 2 rel\u00e9s T21.<br \/>\nVoltaje: 230V<br \/>\nMedidas 170x132x82 mm.<br \/>\nProtecci\u00f3n IP IP55<br \/>\nNormativas: 89\/392\/CEE &#8211; 73\/336\/CEE &#8211; 73\/23\/CEE.<\/p>\n","protected":false},"featured_media":1499,"template":"","meta":{"_et_pb_use_builder":"","_et_pb_old_content":"","_et_gb_content_width":""},"class_list":{"0":"post-1498","1":"product","2":"type-product","3":"status-publish","4":"has-post-thumbnail","6":"product_cat-automatizacion-aves","8":"first","9":"instock","10":"shipping-taxable","11":"product-type-simple"},"yoast_head":"<!-- This site is optimized with the Yoast SEO plugin v24.4 - https:\/\/yoast.com\/wordpress\/plugins\/seo\/ -->\n<title>Sistema de Automatizaci\u00f3n Av\u00edcola T20 - T21 - Agroventilaci\u00f3n<\/title>\n<meta name=\"robots\" content=\"index, follow, max-snippet:-1, max-image-preview:large, max-video-preview:-1\" \/>\n<link rel=\"canonical\" href=\"https:\/\/www.agroventilacion.cl\/home\/producto\/sistema-de-automatizacion-avicola-t20-t21\/\" \/>\n<meta property=\"og:locale\" content=\"es_ES\" \/>\n<meta property=\"og:type\" content=\"article\" \/>\n<meta property=\"og:title\" content=\"Sistema de Automatizaci\u00f3n Av\u00edcola T20 - T21 - Agroventilaci\u00f3n\" \/>\n<meta property=\"og:description\" content=\"Se puede configurar para enfriar o calentar  Permite modular la temperatura deseada  Puede controlar la temperatura de -20\u00b0C a 80\u00b0C agregando una sonda de temperatura. Resoluci\u00f3n 0.1\u00b0C Precisi\u00f3n +\/- 0.2\u00b0C  Tiene funci\u00f3n de temporizaci\u00f3n.  Tiene modo de hist\u00e9resis.  Especificaciones t\u00e9cnicas  Referencia: T20 \/ T21. Entradas: 1 sonda de temperatura. Salidas: 1 rel\u00e9 T20. 2 rel\u00e9s T21. Voltaje: 230V Medidas 170x132x82 mm. Protecci\u00f3n IP IP55 Normativas: 89\/392\/CEE - 73\/336\/CEE - 73\/23\/CEE.\" \/>\n<meta property=\"og:url\" content=\"https:\/\/www.agroventilacion.cl\/home\/producto\/sistema-de-automatizacion-avicola-t20-t21\/\" \/>\n<meta property=\"og:site_name\" content=\"Agroventilaci\u00f3n\" \/>\n<meta property=\"article:modified_time\" content=\"2020-07-15T22:56:33+00:00\" \/>\n<meta property=\"og:image\" content=\"https:\/\/www.agroventilacion.cl\/home\/wp-content\/uploads\/2020\/07\/T20-OK.png\" \/>\n\t<meta property=\"og:image:width\" content=\"329\" \/>\n\t<meta property=\"og:image:height\" content=\"329\" \/>\n\t<meta property=\"og:image:type\" content=\"image\/png\" \/>\n<meta name=\"twitter:card\" content=\"summary_large_image\" \/>\n<script type=\"application\/ld+json\" class=\"yoast-schema-graph\">{\"@context\":\"https:\/\/schema.org\",\"@graph\":[{\"@type\":\"WebPage\",\"@id\":\"https:\/\/www.agroventilacion.cl\/home\/producto\/sistema-de-automatizacion-avicola-t20-t21\/\",\"url\":\"https:\/\/www.agroventilacion.cl\/home\/producto\/sistema-de-automatizacion-avicola-t20-t21\/\",\"name\":\"Sistema de Automatizaci\u00f3n Av\u00edcola T20 - T21 - Agroventilaci\u00f3n\",\"isPartOf\":{\"@id\":\"https:\/\/www.agroventilacion.cl\/home\/#website\"},\"primaryImageOfPage\":{\"@id\":\"https:\/\/www.agroventilacion.cl\/home\/producto\/sistema-de-automatizacion-avicola-t20-t21\/#primaryimage\"},\"image\":{\"@id\":\"https:\/\/www.agroventilacion.cl\/home\/producto\/sistema-de-automatizacion-avicola-t20-t21\/#primaryimage\"},\"thumbnailUrl\":\"https:\/\/www.agroventilacion.cl\/home\/wp-content\/uploads\/2020\/07\/T20-OK.png\",\"datePublished\":\"2020-07-15T22:51:35+00:00\",\"dateModified\":\"2020-07-15T22:56:33+00:00\",\"breadcrumb\":{\"@id\":\"https:\/\/www.agroventilacion.cl\/home\/producto\/sistema-de-automatizacion-avicola-t20-t21\/#breadcrumb\"},\"inLanguage\":\"es\",\"potentialAction\":[{\"@type\":\"ReadAction\",\"target\":[\"https:\/\/www.agroventilacion.cl\/home\/producto\/sistema-de-automatizacion-avicola-t20-t21\/\"]}]},{\"@type\":\"ImageObject\",\"inLanguage\":\"es\",\"@id\":\"https:\/\/www.agroventilacion.cl\/home\/producto\/sistema-de-automatizacion-avicola-t20-t21\/#primaryimage\",\"url\":\"https:\/\/www.agroventilacion.cl\/home\/wp-content\/uploads\/2020\/07\/T20-OK.png\",\"contentUrl\":\"https:\/\/www.agroventilacion.cl\/home\/wp-content\/uploads\/2020\/07\/T20-OK.png\",\"width\":329,\"height\":329},{\"@type\":\"BreadcrumbList\",\"@id\":\"https:\/\/www.agroventilacion.cl\/home\/producto\/sistema-de-automatizacion-avicola-t20-t21\/#breadcrumb\",\"itemListElement\":[{\"@type\":\"ListItem\",\"position\":1,\"name\":\"Portada\",\"item\":\"https:\/\/www.agroventilacion.cl\/home\/\"},{\"@type\":\"ListItem\",\"position\":2,\"name\":\"Tienda\",\"item\":\"https:\/\/www.agroventilacion.cl\/home\/tienda\/\"},{\"@type\":\"ListItem\",\"position\":3,\"name\":\"Sistema de Automatizaci\u00f3n Av\u00edcola T20 &#8211; T21\"}]},{\"@type\":\"WebSite\",\"@id\":\"https:\/\/www.agroventilacion.cl\/home\/#website\",\"url\":\"https:\/\/www.agroventilacion.cl\/home\/\",\"name\":\"Agroventilaci\u00f3n\",\"description\":\"Soluciones Agroindustriales\",\"publisher\":{\"@id\":\"https:\/\/www.agroventilacion.cl\/home\/#organization\"},\"potentialAction\":[{\"@type\":\"SearchAction\",\"target\":{\"@type\":\"EntryPoint\",\"urlTemplate\":\"https:\/\/www.agroventilacion.cl\/home\/?s={search_term_string}\"},\"query-input\":{\"@type\":\"PropertyValueSpecification\",\"valueRequired\":true,\"valueName\":\"search_term_string\"}}],\"inLanguage\":\"es\"},{\"@type\":\"Organization\",\"@id\":\"https:\/\/www.agroventilacion.cl\/home\/#organization\",\"name\":\"Agroventilaci\u00f3n Soluciones Agroindustriales\",\"url\":\"https:\/\/www.agroventilacion.cl\/home\/\",\"logo\":{\"@type\":\"ImageObject\",\"inLanguage\":\"es\",\"@id\":\"https:\/\/www.agroventilacion.cl\/home\/#\/schema\/logo\/image\/\",\"url\":\"https:\/\/www.agroventilacion.cl\/home\/wp-content\/uploads\/2020\/06\/Logo-agroventilacion-1.png\",\"contentUrl\":\"https:\/\/www.agroventilacion.cl\/home\/wp-content\/uploads\/2020\/06\/Logo-agroventilacion-1.png\",\"width\":218,\"height\":80,\"caption\":\"Agroventilaci\u00f3n Soluciones Agroindustriales\"},\"image\":{\"@id\":\"https:\/\/www.agroventilacion.cl\/home\/#\/schema\/logo\/image\/\"}}]}<\/script>\n<!-- \/ Yoast SEO plugin. -->","yoast_head_json":{"title":"Sistema de Automatizaci\u00f3n Av\u00edcola T20 - T21 - Agroventilaci\u00f3n","robots":{"index":"index","follow":"follow","max-snippet":"max-snippet:-1","max-image-preview":"max-image-preview:large","max-video-preview":"max-video-preview:-1"},"canonical":"https:\/\/www.agroventilacion.cl\/home\/producto\/sistema-de-automatizacion-avicola-t20-t21\/","og_locale":"es_ES","og_type":"article","og_title":"Sistema de Automatizaci\u00f3n Av\u00edcola T20 - T21 - Agroventilaci\u00f3n","og_description":"Se puede configurar para enfriar o calentar  Permite modular la temperatura deseada  Puede controlar la temperatura de -20\u00b0C a 80\u00b0C agregando una sonda de temperatura. Resoluci\u00f3n 0.1\u00b0C Precisi\u00f3n +\/- 0.2\u00b0C  Tiene funci\u00f3n de temporizaci\u00f3n.  Tiene modo de hist\u00e9resis.  Especificaciones t\u00e9cnicas  Referencia: T20 \/ T21. Entradas: 1 sonda de temperatura. Salidas: 1 rel\u00e9 T20. 2 rel\u00e9s T21. Voltaje: 230V Medidas 170x132x82 mm. Protecci\u00f3n IP IP55 Normativas: 89\/392\/CEE - 73\/336\/CEE - 73\/23\/CEE.","og_url":"https:\/\/www.agroventilacion.cl\/home\/producto\/sistema-de-automatizacion-avicola-t20-t21\/","og_site_name":"Agroventilaci\u00f3n","article_modified_time":"2020-07-15T22:56:33+00:00","og_image":[{"width":329,"height":329,"url":"https:\/\/www.agroventilacion.cl\/home\/wp-content\/uploads\/2020\/07\/T20-OK.png","type":"image\/png"}],"twitter_card":"summary_large_image","schema":{"@context":"https:\/\/schema.org","@graph":[{"@type":"WebPage","@id":"https:\/\/www.agroventilacion.cl\/home\/producto\/sistema-de-automatizacion-avicola-t20-t21\/","url":"https:\/\/www.agroventilacion.cl\/home\/producto\/sistema-de-automatizacion-avicola-t20-t21\/","name":"Sistema de Automatizaci\u00f3n Av\u00edcola T20 - T21 - Agroventilaci\u00f3n","isPartOf":{"@id":"https:\/\/www.agroventilacion.cl\/home\/#website"},"primaryImageOfPage":{"@id":"https:\/\/www.agroventilacion.cl\/home\/producto\/sistema-de-automatizacion-avicola-t20-t21\/#primaryimage"},"image":{"@id":"https:\/\/www.agroventilacion.cl\/home\/producto\/sistema-de-automatizacion-avicola-t20-t21\/#primaryimage"},"thumbnailUrl":"https:\/\/www.agroventilacion.cl\/home\/wp-content\/uploads\/2020\/07\/T20-OK.png","datePublished":"2020-07-15T22:51:35+00:00","dateModified":"2020-07-15T22:56:33+00:00","breadcrumb":{"@id":"https:\/\/www.agroventilacion.cl\/home\/producto\/sistema-de-automatizacion-avicola-t20-t21\/#breadcrumb"},"inLanguage":"es","potentialAction":[{"@type":"ReadAction","target":["https:\/\/www.agroventilacion.cl\/home\/producto\/sistema-de-automatizacion-avicola-t20-t21\/"]}]},{"@type":"ImageObject","inLanguage":"es","@id":"https:\/\/www.agroventilacion.cl\/home\/producto\/sistema-de-automatizacion-avicola-t20-t21\/#primaryimage","url":"https:\/\/www.agroventilacion.cl\/home\/wp-content\/uploads\/2020\/07\/T20-OK.png","contentUrl":"https:\/\/www.agroventilacion.cl\/home\/wp-content\/uploads\/2020\/07\/T20-OK.png","width":329,"height":329},{"@type":"BreadcrumbList","@id":"https:\/\/www.agroventilacion.cl\/home\/producto\/sistema-de-automatizacion-avicola-t20-t21\/#breadcrumb","itemListElement":[{"@type":"ListItem","position":1,"name":"Portada","item":"https:\/\/www.agroventilacion.cl\/home\/"},{"@type":"ListItem","position":2,"name":"Tienda","item":"https:\/\/www.agroventilacion.cl\/home\/tienda\/"},{"@type":"ListItem","position":3,"name":"Sistema de Automatizaci\u00f3n Av\u00edcola T20 &#8211; T21"}]},{"@type":"WebSite","@id":"https:\/\/www.agroventilacion.cl\/home\/#website","url":"https:\/\/www.agroventilacion.cl\/home\/","name":"Agroventilaci\u00f3n","description":"Soluciones Agroindustriales","publisher":{"@id":"https:\/\/www.agroventilacion.cl\/home\/#organization"},"potentialAction":[{"@type":"SearchAction","target":{"@type":"EntryPoint","urlTemplate":"https:\/\/www.agroventilacion.cl\/home\/?s={search_term_string}"},"query-input":{"@type":"PropertyValueSpecification","valueRequired":true,"valueName":"search_term_string"}}],"inLanguage":"es"},{"@type":"Organization","@id":"https:\/\/www.agroventilacion.cl\/home\/#organization","name":"Agroventilaci\u00f3n Soluciones Agroindustriales","url":"https:\/\/www.agroventilacion.cl\/home\/","logo":{"@type":"ImageObject","inLanguage":"es","@id":"https:\/\/www.agroventilacion.cl\/home\/#\/schema\/logo\/image\/","url":"https:\/\/www.agroventilacion.cl\/home\/wp-content\/uploads\/2020\/06\/Logo-agroventilacion-1.png","contentUrl":"https:\/\/www.agroventilacion.cl\/home\/wp-content\/uploads\/2020\/06\/Logo-agroventilacion-1.png","width":218,"height":80,"caption":"Agroventilaci\u00f3n Soluciones Agroindustriales"},"image":{"@id":"https:\/\/www.agroventilacion.cl\/home\/#\/schema\/logo\/image\/"}}]}},"_links":{"self":[{"href":"https:\/\/www.agroventilacion.cl\/home\/wp-json\/wp\/v2\/product\/1498","targetHints":{"allow":["GET"]}}],"collection":[{"href":"https:\/\/www.agroventilacion.cl\/home\/wp-json\/wp\/v2\/product"}],"about":[{"href":"https:\/\/www.agroventilacion.cl\/home\/wp-json\/wp\/v2\/types\/product"}],"wp:featuredmedia":[{"embeddable":true,"href":"https:\/\/www.agroventilacion.cl\/home\/wp-json\/wp\/v2\/media\/1499"}],"wp:attachment":[{"href":"https:\/\/www.agroventilacion.cl\/home\/wp-json\/wp\/v2\/media?parent=1498"}],"curies":[{"name":"wp","href":"https:\/\/api.w.org\/{rel}","templated":true}]}}