{"id":157,"date":"2020-06-12T13:04:14","date_gmt":"2020-06-12T16:04:14","guid":{"rendered":"https:\/\/www.agroventilacion.cl\/home\/?post_type=product&#038;p=157"},"modified":"2020-10-20T10:15:21","modified_gmt":"2020-10-20T13:15:21","slug":"agrocooler-equipo-de-enfriamiento-evaporativo-movil","status":"publish","type":"product","link":"https:\/\/www.agroventilacion.cl\/home\/producto\/agrocooler-equipo-de-enfriamiento-evaporativo-movil\/","title":{"rendered":"Agrocooler. Equipo de enfriamiento evaporativo m\u00f3vil"},"content":{"rendered":"","protected":false},"excerpt":{"rendered":"<p>Un sistema \u00fanico de distribuci\u00f3n vierte el agua en los paneles evaporativos con el fin de\u00a0uniformemente impregnar su estructura especial de nido de abeja. En este punto, el aire que\u00a0pasa a trav\u00e9s del panel, transfiere su calor al agua, provocando su evaporaci\u00f3n. El aire es\u00a0despu\u00e9s enfriado y humidificado natural y econ\u00f3micamente. El marco robusto y duradero de\u00a0AGROcooler est\u00e1 hecho de zinc\/aluminio con un revestimiento de magnesio para una m\u00e1xima\u00a0resistencia a la corrosi\u00f3n. Los paneles se pueden extraer f\u00e1cilmente para asegurar una limpieza\u00a0y mantenimiento f\u00e1cil de la m\u00e1quina. Su tanque de agua tiene una gran capacidad (290 litros)\u00a0con el fin de garantizar largas horas de funcionamiento continuo.<\/p>\n","protected":false},"featured_media":158,"template":"","meta":{"_et_pb_use_builder":"","_et_pb_old_content":"","_et_gb_content_width":""},"class_list":{"0":"post-157","1":"product","2":"type-product","3":"status-publish","4":"has-post-thumbnail","6":"product_cat-enfriamiento","8":"first","9":"instock","10":"shipping-taxable","11":"product-type-simple"},"yoast_head":"<!-- This site is optimized with the Yoast SEO plugin v24.4 - https:\/\/yoast.com\/wordpress\/plugins\/seo\/ -->\n<title>Agrocooler. Equipo de enfriamiento evaporativo m\u00f3vil - Agroventilaci\u00f3n<\/title>\n<meta name=\"robots\" content=\"index, follow, max-snippet:-1, max-image-preview:large, max-video-preview:-1\" \/>\n<link rel=\"canonical\" href=\"https:\/\/www.agroventilacion.cl\/home\/producto\/agrocooler-equipo-de-enfriamiento-evaporativo-movil\/\" \/>\n<meta property=\"og:locale\" content=\"es_ES\" \/>\n<meta property=\"og:type\" content=\"article\" \/>\n<meta property=\"og:title\" content=\"Agrocooler. Equipo de enfriamiento evaporativo m\u00f3vil - Agroventilaci\u00f3n\" \/>\n<meta property=\"og:description\" content=\"Un sistema \u00fanico de distribuci\u00f3n vierte el agua en los paneles evaporativos con el fin de\u00a0uniformemente impregnar su estructura especial de nido de abeja. En este punto, el aire que\u00a0pasa a trav\u00e9s del panel, transfiere su calor al agua, provocando su evaporaci\u00f3n. El aire es\u00a0despu\u00e9s enfriado y humidificado natural y econ\u00f3micamente. El marco robusto y duradero de\u00a0AGROcooler est\u00e1 hecho de zinc\/aluminio con un revestimiento de magnesio para una m\u00e1xima\u00a0resistencia a la corrosi\u00f3n. Los paneles se pueden extraer f\u00e1cilmente para asegurar una limpieza\u00a0y mantenimiento f\u00e1cil de la m\u00e1quina. Su tanque de agua tiene una gran capacidad (290 litros)\u00a0con el fin de garantizar largas horas de funcionamiento continuo.\" \/>\n<meta property=\"og:url\" content=\"https:\/\/www.agroventilacion.cl\/home\/producto\/agrocooler-equipo-de-enfriamiento-evaporativo-movil\/\" \/>\n<meta property=\"og:site_name\" content=\"Agroventilaci\u00f3n\" \/>\n<meta property=\"article:modified_time\" content=\"2020-10-20T13:15:21+00:00\" \/>\n<meta property=\"og:image\" content=\"https:\/\/www.agroventilacion.cl\/home\/wp-content\/uploads\/2020\/06\/Pricooler.png\" \/>\n\t<meta property=\"og:image:width\" content=\"375\" \/>\n\t<meta property=\"og:image:height\" content=\"369\" \/>\n\t<meta property=\"og:image:type\" content=\"image\/png\" \/>\n<meta name=\"twitter:card\" content=\"summary_large_image\" \/>\n<script type=\"application\/ld+json\" class=\"yoast-schema-graph\">{\"@context\":\"https:\/\/schema.org\",\"@graph\":[{\"@type\":\"WebPage\",\"@id\":\"https:\/\/www.agroventilacion.cl\/home\/producto\/agrocooler-equipo-de-enfriamiento-evaporativo-movil\/\",\"url\":\"https:\/\/www.agroventilacion.cl\/home\/producto\/agrocooler-equipo-de-enfriamiento-evaporativo-movil\/\",\"name\":\"Agrocooler. Equipo de enfriamiento evaporativo m\u00f3vil - Agroventilaci\u00f3n\",\"isPartOf\":{\"@id\":\"https:\/\/www.agroventilacion.cl\/home\/#website\"},\"primaryImageOfPage\":{\"@id\":\"https:\/\/www.agroventilacion.cl\/home\/producto\/agrocooler-equipo-de-enfriamiento-evaporativo-movil\/#primaryimage\"},\"image\":{\"@id\":\"https:\/\/www.agroventilacion.cl\/home\/producto\/agrocooler-equipo-de-enfriamiento-evaporativo-movil\/#primaryimage\"},\"thumbnailUrl\":\"https:\/\/www.agroventilacion.cl\/home\/wp-content\/uploads\/2020\/06\/Pricooler.png\",\"datePublished\":\"2020-06-12T16:04:14+00:00\",\"dateModified\":\"2020-10-20T13:15:21+00:00\",\"breadcrumb\":{\"@id\":\"https:\/\/www.agroventilacion.cl\/home\/producto\/agrocooler-equipo-de-enfriamiento-evaporativo-movil\/#breadcrumb\"},\"inLanguage\":\"es\",\"potentialAction\":[{\"@type\":\"ReadAction\",\"target\":[\"https:\/\/www.agroventilacion.cl\/home\/producto\/agrocooler-equipo-de-enfriamiento-evaporativo-movil\/\"]}]},{\"@type\":\"ImageObject\",\"inLanguage\":\"es\",\"@id\":\"https:\/\/www.agroventilacion.cl\/home\/producto\/agrocooler-equipo-de-enfriamiento-evaporativo-movil\/#primaryimage\",\"url\":\"https:\/\/www.agroventilacion.cl\/home\/wp-content\/uploads\/2020\/06\/Pricooler.png\",\"contentUrl\":\"https:\/\/www.agroventilacion.cl\/home\/wp-content\/uploads\/2020\/06\/Pricooler.png\",\"width\":375,\"height\":369},{\"@type\":\"BreadcrumbList\",\"@id\":\"https:\/\/www.agroventilacion.cl\/home\/producto\/agrocooler-equipo-de-enfriamiento-evaporativo-movil\/#breadcrumb\",\"itemListElement\":[{\"@type\":\"ListItem\",\"position\":1,\"name\":\"Portada\",\"item\":\"https:\/\/www.agroventilacion.cl\/home\/\"},{\"@type\":\"ListItem\",\"position\":2,\"name\":\"Tienda\",\"item\":\"https:\/\/www.agroventilacion.cl\/home\/tienda\/\"},{\"@type\":\"ListItem\",\"position\":3,\"name\":\"Agrocooler. Equipo de enfriamiento evaporativo m\u00f3vil\"}]},{\"@type\":\"WebSite\",\"@id\":\"https:\/\/www.agroventilacion.cl\/home\/#website\",\"url\":\"https:\/\/www.agroventilacion.cl\/home\/\",\"name\":\"Agroventilaci\u00f3n\",\"description\":\"Soluciones Agroindustriales\",\"publisher\":{\"@id\":\"https:\/\/www.agroventilacion.cl\/home\/#organization\"},\"potentialAction\":[{\"@type\":\"SearchAction\",\"target\":{\"@type\":\"EntryPoint\",\"urlTemplate\":\"https:\/\/www.agroventilacion.cl\/home\/?s={search_term_string}\"},\"query-input\":{\"@type\":\"PropertyValueSpecification\",\"valueRequired\":true,\"valueName\":\"search_term_string\"}}],\"inLanguage\":\"es\"},{\"@type\":\"Organization\",\"@id\":\"https:\/\/www.agroventilacion.cl\/home\/#organization\",\"name\":\"Agroventilaci\u00f3n Soluciones Agroindustriales\",\"url\":\"https:\/\/www.agroventilacion.cl\/home\/\",\"logo\":{\"@type\":\"ImageObject\",\"inLanguage\":\"es\",\"@id\":\"https:\/\/www.agroventilacion.cl\/home\/#\/schema\/logo\/image\/\",\"url\":\"https:\/\/www.agroventilacion.cl\/home\/wp-content\/uploads\/2020\/06\/Logo-agroventilacion-1.png\",\"contentUrl\":\"https:\/\/www.agroventilacion.cl\/home\/wp-content\/uploads\/2020\/06\/Logo-agroventilacion-1.png\",\"width\":218,\"height\":80,\"caption\":\"Agroventilaci\u00f3n Soluciones Agroindustriales\"},\"image\":{\"@id\":\"https:\/\/www.agroventilacion.cl\/home\/#\/schema\/logo\/image\/\"}}]}<\/script>\n<!-- \/ Yoast SEO plugin. -->","yoast_head_json":{"title":"Agrocooler. Equipo de enfriamiento evaporativo m\u00f3vil - Agroventilaci\u00f3n","robots":{"index":"index","follow":"follow","max-snippet":"max-snippet:-1","max-image-preview":"max-image-preview:large","max-video-preview":"max-video-preview:-1"},"canonical":"https:\/\/www.agroventilacion.cl\/home\/producto\/agrocooler-equipo-de-enfriamiento-evaporativo-movil\/","og_locale":"es_ES","og_type":"article","og_title":"Agrocooler. Equipo de enfriamiento evaporativo m\u00f3vil - Agroventilaci\u00f3n","og_description":"Un sistema \u00fanico de distribuci\u00f3n vierte el agua en los paneles evaporativos con el fin de\u00a0uniformemente impregnar su estructura especial de nido de abeja. En este punto, el aire que\u00a0pasa a trav\u00e9s del panel, transfiere su calor al agua, provocando su evaporaci\u00f3n. El aire es\u00a0despu\u00e9s enfriado y humidificado natural y econ\u00f3micamente. El marco robusto y duradero de\u00a0AGROcooler est\u00e1 hecho de zinc\/aluminio con un revestimiento de magnesio para una m\u00e1xima\u00a0resistencia a la corrosi\u00f3n. Los paneles se pueden extraer f\u00e1cilmente para asegurar una limpieza\u00a0y mantenimiento f\u00e1cil de la m\u00e1quina. Su tanque de agua tiene una gran capacidad (290 litros)\u00a0con el fin de garantizar largas horas de funcionamiento continuo.","og_url":"https:\/\/www.agroventilacion.cl\/home\/producto\/agrocooler-equipo-de-enfriamiento-evaporativo-movil\/","og_site_name":"Agroventilaci\u00f3n","article_modified_time":"2020-10-20T13:15:21+00:00","og_image":[{"width":375,"height":369,"url":"https:\/\/www.agroventilacion.cl\/home\/wp-content\/uploads\/2020\/06\/Pricooler.png","type":"image\/png"}],"twitter_card":"summary_large_image","schema":{"@context":"https:\/\/schema.org","@graph":[{"@type":"WebPage","@id":"https:\/\/www.agroventilacion.cl\/home\/producto\/agrocooler-equipo-de-enfriamiento-evaporativo-movil\/","url":"https:\/\/www.agroventilacion.cl\/home\/producto\/agrocooler-equipo-de-enfriamiento-evaporativo-movil\/","name":"Agrocooler. Equipo de enfriamiento evaporativo m\u00f3vil - Agroventilaci\u00f3n","isPartOf":{"@id":"https:\/\/www.agroventilacion.cl\/home\/#website"},"primaryImageOfPage":{"@id":"https:\/\/www.agroventilacion.cl\/home\/producto\/agrocooler-equipo-de-enfriamiento-evaporativo-movil\/#primaryimage"},"image":{"@id":"https:\/\/www.agroventilacion.cl\/home\/producto\/agrocooler-equipo-de-enfriamiento-evaporativo-movil\/#primaryimage"},"thumbnailUrl":"https:\/\/www.agroventilacion.cl\/home\/wp-content\/uploads\/2020\/06\/Pricooler.png","datePublished":"2020-06-12T16:04:14+00:00","dateModified":"2020-10-20T13:15:21+00:00","breadcrumb":{"@id":"https:\/\/www.agroventilacion.cl\/home\/producto\/agrocooler-equipo-de-enfriamiento-evaporativo-movil\/#breadcrumb"},"inLanguage":"es","potentialAction":[{"@type":"ReadAction","target":["https:\/\/www.agroventilacion.cl\/home\/producto\/agrocooler-equipo-de-enfriamiento-evaporativo-movil\/"]}]},{"@type":"ImageObject","inLanguage":"es","@id":"https:\/\/www.agroventilacion.cl\/home\/producto\/agrocooler-equipo-de-enfriamiento-evaporativo-movil\/#primaryimage","url":"https:\/\/www.agroventilacion.cl\/home\/wp-content\/uploads\/2020\/06\/Pricooler.png","contentUrl":"https:\/\/www.agroventilacion.cl\/home\/wp-content\/uploads\/2020\/06\/Pricooler.png","width":375,"height":369},{"@type":"BreadcrumbList","@id":"https:\/\/www.agroventilacion.cl\/home\/producto\/agrocooler-equipo-de-enfriamiento-evaporativo-movil\/#breadcrumb","itemListElement":[{"@type":"ListItem","position":1,"name":"Portada","item":"https:\/\/www.agroventilacion.cl\/home\/"},{"@type":"ListItem","position":2,"name":"Tienda","item":"https:\/\/www.agroventilacion.cl\/home\/tienda\/"},{"@type":"ListItem","position":3,"name":"Agrocooler. Equipo de enfriamiento evaporativo m\u00f3vil"}]},{"@type":"WebSite","@id":"https:\/\/www.agroventilacion.cl\/home\/#website","url":"https:\/\/www.agroventilacion.cl\/home\/","name":"Agroventilaci\u00f3n","description":"Soluciones Agroindustriales","publisher":{"@id":"https:\/\/www.agroventilacion.cl\/home\/#organization"},"potentialAction":[{"@type":"SearchAction","target":{"@type":"EntryPoint","urlTemplate":"https:\/\/www.agroventilacion.cl\/home\/?s={search_term_string}"},"query-input":{"@type":"PropertyValueSpecification","valueRequired":true,"valueName":"search_term_string"}}],"inLanguage":"es"},{"@type":"Organization","@id":"https:\/\/www.agroventilacion.cl\/home\/#organization","name":"Agroventilaci\u00f3n Soluciones Agroindustriales","url":"https:\/\/www.agroventilacion.cl\/home\/","logo":{"@type":"ImageObject","inLanguage":"es","@id":"https:\/\/www.agroventilacion.cl\/home\/#\/schema\/logo\/image\/","url":"https:\/\/www.agroventilacion.cl\/home\/wp-content\/uploads\/2020\/06\/Logo-agroventilacion-1.png","contentUrl":"https:\/\/www.agroventilacion.cl\/home\/wp-content\/uploads\/2020\/06\/Logo-agroventilacion-1.png","width":218,"height":80,"caption":"Agroventilaci\u00f3n Soluciones Agroindustriales"},"image":{"@id":"https:\/\/www.agroventilacion.cl\/home\/#\/schema\/logo\/image\/"}}]}},"_links":{"self":[{"href":"https:\/\/www.agroventilacion.cl\/home\/wp-json\/wp\/v2\/product\/157","targetHints":{"allow":["GET"]}}],"collection":[{"href":"https:\/\/www.agroventilacion.cl\/home\/wp-json\/wp\/v2\/product"}],"about":[{"href":"https:\/\/www.agroventilacion.cl\/home\/wp-json\/wp\/v2\/types\/product"}],"wp:featuredmedia":[{"embeddable":true,"href":"https:\/\/www.agroventilacion.cl\/home\/wp-json\/wp\/v2\/media\/158"}],"wp:attachment":[{"href":"https:\/\/www.agroventilacion.cl\/home\/wp-json\/wp\/v2\/media?parent=157"}],"curies":[{"name":"wp","href":"https:\/\/api.w.org\/{rel}","templated":true}]}}