{"id":1895,"date":"2020-07-30T19:01:01","date_gmt":"2020-07-30T22:01:01","guid":{"rendered":"https:\/\/www.agroventilacion.cl\/home\/?post_type=product&#038;p=1895"},"modified":"2020-07-30T19:28:55","modified_gmt":"2020-07-30T22:28:55","slug":"jaulas-aves","status":"publish","type":"product","link":"https:\/\/www.agroventilacion.cl\/home\/producto\/jaulas-aves\/","title":{"rendered":"Jaulas Aves"},"content":{"rendered":"","protected":false},"excerpt":{"rendered":"<h3>Especificaciones Jaula<\/h3>\n<p><strong>Dimensiones<\/strong><\/p>\n<ul>\n<li>Frente: 1000 mm.<\/li>\n<li>Altura: 390 mm.<\/li>\n<li>Profundidad: 630 \u00f3 705 mm. dependiendo del comedero o del n\u00famero total de pollos.<\/li>\n<li>Longitud de la secci\u00f3n de jaula modular: 2004 mm.<\/li>\n<\/ul>\n<p>Toda la jaula est\u00e1 en malla de alambres recubierta de zinc, el doble recubrimiento es opcional.<\/p>\n<p>La malla del piso es de 19mm.<\/p>\n<p>El piso se soporta sobre los 4 lados sin rodillos intermedios debajo.<\/p>\n<p>Los bordes de la placa met\u00e1lica en el acceso de los pollos al canal de alimentaci\u00f3n y en el soporte del piso son redondeados.<\/p>\n<p>Las jaulas de todos los niveles tienen el mismo dise\u00f1o, por lo que cualquier nivel se puede usar para pollos de un d\u00eda, dependiendo de las mejores condiciones de iluminaci\u00f3n o temperatura<\/p>\n","protected":false},"featured_media":1896,"template":"","meta":{"_et_pb_use_builder":"","_et_pb_old_content":"","_et_gb_content_width":""},"class_list":{"0":"post-1895","1":"product","2":"type-product","3":"status-publish","4":"has-post-thumbnail","6":"product_cat-jaulas-aves","8":"first","9":"instock","10":"shipping-taxable","11":"product-type-simple"},"yoast_head":"<!-- This site is optimized with the Yoast SEO plugin v24.4 - https:\/\/yoast.com\/wordpress\/plugins\/seo\/ -->\n<title>Jaulas Aves - Agroventilaci\u00f3n<\/title>\n<meta name=\"robots\" content=\"index, follow, max-snippet:-1, max-image-preview:large, max-video-preview:-1\" \/>\n<link rel=\"canonical\" href=\"https:\/\/www.agroventilacion.cl\/home\/producto\/jaulas-aves\/\" \/>\n<meta property=\"og:locale\" content=\"es_ES\" \/>\n<meta property=\"og:type\" content=\"article\" \/>\n<meta property=\"og:title\" content=\"Jaulas Aves - Agroventilaci\u00f3n\" \/>\n<meta property=\"og:description\" content=\"Especificaciones Jaula Dimensiones   Frente: 1000 mm.  Altura: 390 mm.  Profundidad: 630 \u00f3 705 mm. dependiendo del comedero o del n\u00famero total de pollos.  Longitud de la secci\u00f3n de jaula modular: 2004 mm.  Toda la jaula est\u00e1 en malla de alambres recubierta de zinc, el doble recubrimiento es opcional.  La malla del piso es de 19mm.  El piso se soporta sobre los 4 lados sin rodillos intermedios debajo.  Los bordes de la placa met\u00e1lica en el acceso de los pollos al canal de alimentaci\u00f3n y en el soporte del piso son redondeados.  Las jaulas de todos los niveles tienen el mismo dise\u00f1o, por lo que cualquier nivel se puede usar para pollos de un d\u00eda, dependiendo de las mejores condiciones de iluminaci\u00f3n o temperatura\" \/>\n<meta property=\"og:url\" content=\"https:\/\/www.agroventilacion.cl\/home\/producto\/jaulas-aves\/\" \/>\n<meta property=\"og:site_name\" content=\"Agroventilaci\u00f3n\" \/>\n<meta property=\"article:modified_time\" content=\"2020-07-30T22:28:55+00:00\" \/>\n<meta property=\"og:image\" content=\"https:\/\/www.agroventilacion.cl\/home\/wp-content\/uploads\/2020\/07\/JAULAS2.png\" \/>\n\t<meta property=\"og:image:width\" content=\"537\" \/>\n\t<meta property=\"og:image:height\" content=\"409\" \/>\n\t<meta property=\"og:image:type\" content=\"image\/png\" \/>\n<meta name=\"twitter:card\" content=\"summary_large_image\" \/>\n<script type=\"application\/ld+json\" class=\"yoast-schema-graph\">{\"@context\":\"https:\/\/schema.org\",\"@graph\":[{\"@type\":\"WebPage\",\"@id\":\"https:\/\/www.agroventilacion.cl\/home\/producto\/jaulas-aves\/\",\"url\":\"https:\/\/www.agroventilacion.cl\/home\/producto\/jaulas-aves\/\",\"name\":\"Jaulas Aves - Agroventilaci\u00f3n\",\"isPartOf\":{\"@id\":\"https:\/\/www.agroventilacion.cl\/home\/#website\"},\"primaryImageOfPage\":{\"@id\":\"https:\/\/www.agroventilacion.cl\/home\/producto\/jaulas-aves\/#primaryimage\"},\"image\":{\"@id\":\"https:\/\/www.agroventilacion.cl\/home\/producto\/jaulas-aves\/#primaryimage\"},\"thumbnailUrl\":\"https:\/\/www.agroventilacion.cl\/home\/wp-content\/uploads\/2020\/07\/JAULAS2.png\",\"datePublished\":\"2020-07-30T22:01:01+00:00\",\"dateModified\":\"2020-07-30T22:28:55+00:00\",\"breadcrumb\":{\"@id\":\"https:\/\/www.agroventilacion.cl\/home\/producto\/jaulas-aves\/#breadcrumb\"},\"inLanguage\":\"es\",\"potentialAction\":[{\"@type\":\"ReadAction\",\"target\":[\"https:\/\/www.agroventilacion.cl\/home\/producto\/jaulas-aves\/\"]}]},{\"@type\":\"ImageObject\",\"inLanguage\":\"es\",\"@id\":\"https:\/\/www.agroventilacion.cl\/home\/producto\/jaulas-aves\/#primaryimage\",\"url\":\"https:\/\/www.agroventilacion.cl\/home\/wp-content\/uploads\/2020\/07\/JAULAS2.png\",\"contentUrl\":\"https:\/\/www.agroventilacion.cl\/home\/wp-content\/uploads\/2020\/07\/JAULAS2.png\",\"width\":537,\"height\":409},{\"@type\":\"BreadcrumbList\",\"@id\":\"https:\/\/www.agroventilacion.cl\/home\/producto\/jaulas-aves\/#breadcrumb\",\"itemListElement\":[{\"@type\":\"ListItem\",\"position\":1,\"name\":\"Portada\",\"item\":\"https:\/\/www.agroventilacion.cl\/home\/\"},{\"@type\":\"ListItem\",\"position\":2,\"name\":\"Tienda\",\"item\":\"https:\/\/www.agroventilacion.cl\/home\/tienda\/\"},{\"@type\":\"ListItem\",\"position\":3,\"name\":\"Jaulas Aves\"}]},{\"@type\":\"WebSite\",\"@id\":\"https:\/\/www.agroventilacion.cl\/home\/#website\",\"url\":\"https:\/\/www.agroventilacion.cl\/home\/\",\"name\":\"Agroventilaci\u00f3n\",\"description\":\"Soluciones Agroindustriales\",\"publisher\":{\"@id\":\"https:\/\/www.agroventilacion.cl\/home\/#organization\"},\"potentialAction\":[{\"@type\":\"SearchAction\",\"target\":{\"@type\":\"EntryPoint\",\"urlTemplate\":\"https:\/\/www.agroventilacion.cl\/home\/?s={search_term_string}\"},\"query-input\":{\"@type\":\"PropertyValueSpecification\",\"valueRequired\":true,\"valueName\":\"search_term_string\"}}],\"inLanguage\":\"es\"},{\"@type\":\"Organization\",\"@id\":\"https:\/\/www.agroventilacion.cl\/home\/#organization\",\"name\":\"Agroventilaci\u00f3n Soluciones Agroindustriales\",\"url\":\"https:\/\/www.agroventilacion.cl\/home\/\",\"logo\":{\"@type\":\"ImageObject\",\"inLanguage\":\"es\",\"@id\":\"https:\/\/www.agroventilacion.cl\/home\/#\/schema\/logo\/image\/\",\"url\":\"https:\/\/www.agroventilacion.cl\/home\/wp-content\/uploads\/2020\/06\/Logo-agroventilacion-1.png\",\"contentUrl\":\"https:\/\/www.agroventilacion.cl\/home\/wp-content\/uploads\/2020\/06\/Logo-agroventilacion-1.png\",\"width\":218,\"height\":80,\"caption\":\"Agroventilaci\u00f3n Soluciones Agroindustriales\"},\"image\":{\"@id\":\"https:\/\/www.agroventilacion.cl\/home\/#\/schema\/logo\/image\/\"}}]}<\/script>\n<!-- \/ Yoast SEO plugin. -->","yoast_head_json":{"title":"Jaulas Aves - Agroventilaci\u00f3n","robots":{"index":"index","follow":"follow","max-snippet":"max-snippet:-1","max-image-preview":"max-image-preview:large","max-video-preview":"max-video-preview:-1"},"canonical":"https:\/\/www.agroventilacion.cl\/home\/producto\/jaulas-aves\/","og_locale":"es_ES","og_type":"article","og_title":"Jaulas Aves - Agroventilaci\u00f3n","og_description":"Especificaciones Jaula Dimensiones   Frente: 1000 mm.  Altura: 390 mm.  Profundidad: 630 \u00f3 705 mm. dependiendo del comedero o del n\u00famero total de pollos.  Longitud de la secci\u00f3n de jaula modular: 2004 mm.  Toda la jaula est\u00e1 en malla de alambres recubierta de zinc, el doble recubrimiento es opcional.  La malla del piso es de 19mm.  El piso se soporta sobre los 4 lados sin rodillos intermedios debajo.  Los bordes de la placa met\u00e1lica en el acceso de los pollos al canal de alimentaci\u00f3n y en el soporte del piso son redondeados.  Las jaulas de todos los niveles tienen el mismo dise\u00f1o, por lo que cualquier nivel se puede usar para pollos de un d\u00eda, dependiendo de las mejores condiciones de iluminaci\u00f3n o temperatura","og_url":"https:\/\/www.agroventilacion.cl\/home\/producto\/jaulas-aves\/","og_site_name":"Agroventilaci\u00f3n","article_modified_time":"2020-07-30T22:28:55+00:00","og_image":[{"width":537,"height":409,"url":"https:\/\/www.agroventilacion.cl\/home\/wp-content\/uploads\/2020\/07\/JAULAS2.png","type":"image\/png"}],"twitter_card":"summary_large_image","schema":{"@context":"https:\/\/schema.org","@graph":[{"@type":"WebPage","@id":"https:\/\/www.agroventilacion.cl\/home\/producto\/jaulas-aves\/","url":"https:\/\/www.agroventilacion.cl\/home\/producto\/jaulas-aves\/","name":"Jaulas Aves - Agroventilaci\u00f3n","isPartOf":{"@id":"https:\/\/www.agroventilacion.cl\/home\/#website"},"primaryImageOfPage":{"@id":"https:\/\/www.agroventilacion.cl\/home\/producto\/jaulas-aves\/#primaryimage"},"image":{"@id":"https:\/\/www.agroventilacion.cl\/home\/producto\/jaulas-aves\/#primaryimage"},"thumbnailUrl":"https:\/\/www.agroventilacion.cl\/home\/wp-content\/uploads\/2020\/07\/JAULAS2.png","datePublished":"2020-07-30T22:01:01+00:00","dateModified":"2020-07-30T22:28:55+00:00","breadcrumb":{"@id":"https:\/\/www.agroventilacion.cl\/home\/producto\/jaulas-aves\/#breadcrumb"},"inLanguage":"es","potentialAction":[{"@type":"ReadAction","target":["https:\/\/www.agroventilacion.cl\/home\/producto\/jaulas-aves\/"]}]},{"@type":"ImageObject","inLanguage":"es","@id":"https:\/\/www.agroventilacion.cl\/home\/producto\/jaulas-aves\/#primaryimage","url":"https:\/\/www.agroventilacion.cl\/home\/wp-content\/uploads\/2020\/07\/JAULAS2.png","contentUrl":"https:\/\/www.agroventilacion.cl\/home\/wp-content\/uploads\/2020\/07\/JAULAS2.png","width":537,"height":409},{"@type":"BreadcrumbList","@id":"https:\/\/www.agroventilacion.cl\/home\/producto\/jaulas-aves\/#breadcrumb","itemListElement":[{"@type":"ListItem","position":1,"name":"Portada","item":"https:\/\/www.agroventilacion.cl\/home\/"},{"@type":"ListItem","position":2,"name":"Tienda","item":"https:\/\/www.agroventilacion.cl\/home\/tienda\/"},{"@type":"ListItem","position":3,"name":"Jaulas Aves"}]},{"@type":"WebSite","@id":"https:\/\/www.agroventilacion.cl\/home\/#website","url":"https:\/\/www.agroventilacion.cl\/home\/","name":"Agroventilaci\u00f3n","description":"Soluciones Agroindustriales","publisher":{"@id":"https:\/\/www.agroventilacion.cl\/home\/#organization"},"potentialAction":[{"@type":"SearchAction","target":{"@type":"EntryPoint","urlTemplate":"https:\/\/www.agroventilacion.cl\/home\/?s={search_term_string}"},"query-input":{"@type":"PropertyValueSpecification","valueRequired":true,"valueName":"search_term_string"}}],"inLanguage":"es"},{"@type":"Organization","@id":"https:\/\/www.agroventilacion.cl\/home\/#organization","name":"Agroventilaci\u00f3n Soluciones Agroindustriales","url":"https:\/\/www.agroventilacion.cl\/home\/","logo":{"@type":"ImageObject","inLanguage":"es","@id":"https:\/\/www.agroventilacion.cl\/home\/#\/schema\/logo\/image\/","url":"https:\/\/www.agroventilacion.cl\/home\/wp-content\/uploads\/2020\/06\/Logo-agroventilacion-1.png","contentUrl":"https:\/\/www.agroventilacion.cl\/home\/wp-content\/uploads\/2020\/06\/Logo-agroventilacion-1.png","width":218,"height":80,"caption":"Agroventilaci\u00f3n Soluciones Agroindustriales"},"image":{"@id":"https:\/\/www.agroventilacion.cl\/home\/#\/schema\/logo\/image\/"}}]}},"_links":{"self":[{"href":"https:\/\/www.agroventilacion.cl\/home\/wp-json\/wp\/v2\/product\/1895","targetHints":{"allow":["GET"]}}],"collection":[{"href":"https:\/\/www.agroventilacion.cl\/home\/wp-json\/wp\/v2\/product"}],"about":[{"href":"https:\/\/www.agroventilacion.cl\/home\/wp-json\/wp\/v2\/types\/product"}],"wp:featuredmedia":[{"embeddable":true,"href":"https:\/\/www.agroventilacion.cl\/home\/wp-json\/wp\/v2\/media\/1896"}],"wp:attachment":[{"href":"https:\/\/www.agroventilacion.cl\/home\/wp-json\/wp\/v2\/media?parent=1895"}],"curies":[{"name":"wp","href":"https:\/\/api.w.org\/{rel}","templated":true}]}}