{"id":1907,"date":"2020-07-30T19:41:48","date_gmt":"2020-07-30T22:41:48","guid":{"rendered":"https:\/\/www.agroventilacion.cl\/home\/?post_type=product&#038;p=1907"},"modified":"2020-07-30T19:41:48","modified_gmt":"2020-07-30T22:41:48","slug":"nidos-aves-manuales","status":"publish","type":"product","link":"https:\/\/www.agroventilacion.cl\/home\/producto\/nidos-aves-manuales\/","title":{"rendered":"Nidos Aves Manuales"},"content":{"rendered":"","protected":false},"excerpt":{"rendered":"<p><img loading=\"lazy\" decoding=\"async\" class=\"alignnone size-medium wp-image-1910\" src=\"https:\/\/www.agroventilacion.cl\/home\/wp-content\/uploads\/2020\/07\/nido-manual-detalles-300x124.jpg\" alt=\"\" width=\"300\" height=\"124\" srcset=\"https:\/\/www.agroventilacion.cl\/home\/wp-content\/uploads\/2020\/07\/nido-manual-detalles-300x124.jpg 300w, https:\/\/www.agroventilacion.cl\/home\/wp-content\/uploads\/2020\/07\/nido-manual-detalles.jpg 394w\" sizes=\"(max-width: 300px) 100vw, 300px\" \/><\/p>\n<ol>\n<li>La cinta de recolecci\u00f3n tiene un dise\u00f1o especial que evita que los huevos caigan durante la recogida.<\/li>\n<li>Un sencillo sistema evita que los huevos rueden fuera del nido durante la recogida.<\/li>\n<\/ol>\n<p>El fondo del nidal, con una pendiente suave, asegura que el huevo ruede hacia la cinta de recogida, enfri\u00e1ndose m\u00e1s r\u00e1pidamente y manteni\u00e9ndose limpio.<\/p>\n<p>La base del nidal est\u00e1 hecha de Turfmat, una alfombrilla perforada. Todas las part\u00edculas de suciedad y deyecciones caen al suelo, obteni\u00e9ndose as\u00ed un huevo limpio que proporcionar\u00e1 mejores resultados.<\/p>\n<p><img loading=\"lazy\" decoding=\"async\" class=\"alignnone size-medium wp-image-1911\" src=\"https:\/\/www.agroventilacion.cl\/home\/wp-content\/uploads\/2020\/07\/nido-manual-detalles2-300x89.jpg\" alt=\"\" width=\"300\" height=\"89\" \/><\/p>\n","protected":false},"featured_media":1908,"template":"","meta":{"_et_pb_use_builder":"","_et_pb_old_content":"","_et_gb_content_width":""},"class_list":{"0":"post-1907","1":"product","2":"type-product","3":"status-publish","4":"has-post-thumbnail","6":"product_cat-jaulas-aves","8":"first","9":"instock","10":"shipping-taxable","11":"product-type-simple"},"yoast_head":"<!-- This site is optimized with the Yoast SEO plugin v24.4 - https:\/\/yoast.com\/wordpress\/plugins\/seo\/ -->\n<title>Nidos Aves Manuales - Agroventilaci\u00f3n<\/title>\n<meta name=\"robots\" content=\"index, follow, max-snippet:-1, max-image-preview:large, max-video-preview:-1\" \/>\n<link rel=\"canonical\" href=\"https:\/\/www.agroventilacion.cl\/home\/producto\/nidos-aves-manuales\/\" \/>\n<meta property=\"og:locale\" content=\"es_ES\" \/>\n<meta property=\"og:type\" content=\"article\" \/>\n<meta property=\"og:title\" content=\"Nidos Aves Manuales - Agroventilaci\u00f3n\" \/>\n<meta property=\"og:description\" content=\"La cinta de recolecci\u00f3n tiene un dise\u00f1o especial que evita que los huevos caigan durante la recogida.  Un sencillo sistema evita que los huevos rueden fuera del nido durante la recogida.  El fondo del nidal, con una pendiente suave, asegura que el huevo ruede hacia la cinta de recogida, enfri\u00e1ndose m\u00e1s r\u00e1pidamente y manteni\u00e9ndose limpio.  La base del nidal est\u00e1 hecha de Turfmat, una alfombrilla perforada. Todas las part\u00edculas de suciedad y deyecciones caen al suelo, obteni\u00e9ndose as\u00ed un huevo limpio que proporcionar\u00e1 mejores resultados.\" \/>\n<meta property=\"og:url\" content=\"https:\/\/www.agroventilacion.cl\/home\/producto\/nidos-aves-manuales\/\" \/>\n<meta property=\"og:site_name\" content=\"Agroventilaci\u00f3n\" \/>\n<meta property=\"og:image\" content=\"https:\/\/www.agroventilacion.cl\/home\/wp-content\/uploads\/2020\/07\/nido-manual-imagen-real.png\" \/>\n\t<meta property=\"og:image:width\" content=\"443\" \/>\n\t<meta property=\"og:image:height\" content=\"332\" \/>\n\t<meta property=\"og:image:type\" content=\"image\/png\" \/>\n<meta name=\"twitter:card\" content=\"summary_large_image\" \/>\n<script type=\"application\/ld+json\" class=\"yoast-schema-graph\">{\"@context\":\"https:\/\/schema.org\",\"@graph\":[{\"@type\":\"WebPage\",\"@id\":\"https:\/\/www.agroventilacion.cl\/home\/producto\/nidos-aves-manuales\/\",\"url\":\"https:\/\/www.agroventilacion.cl\/home\/producto\/nidos-aves-manuales\/\",\"name\":\"Nidos Aves Manuales - Agroventilaci\u00f3n\",\"isPartOf\":{\"@id\":\"https:\/\/www.agroventilacion.cl\/home\/#website\"},\"primaryImageOfPage\":{\"@id\":\"https:\/\/www.agroventilacion.cl\/home\/producto\/nidos-aves-manuales\/#primaryimage\"},\"image\":{\"@id\":\"https:\/\/www.agroventilacion.cl\/home\/producto\/nidos-aves-manuales\/#primaryimage\"},\"thumbnailUrl\":\"https:\/\/www.agroventilacion.cl\/home\/wp-content\/uploads\/2020\/07\/nido-manual-imagen-real.png\",\"datePublished\":\"2020-07-30T22:41:48+00:00\",\"breadcrumb\":{\"@id\":\"https:\/\/www.agroventilacion.cl\/home\/producto\/nidos-aves-manuales\/#breadcrumb\"},\"inLanguage\":\"es\",\"potentialAction\":[{\"@type\":\"ReadAction\",\"target\":[\"https:\/\/www.agroventilacion.cl\/home\/producto\/nidos-aves-manuales\/\"]}]},{\"@type\":\"ImageObject\",\"inLanguage\":\"es\",\"@id\":\"https:\/\/www.agroventilacion.cl\/home\/producto\/nidos-aves-manuales\/#primaryimage\",\"url\":\"https:\/\/www.agroventilacion.cl\/home\/wp-content\/uploads\/2020\/07\/nido-manual-imagen-real.png\",\"contentUrl\":\"https:\/\/www.agroventilacion.cl\/home\/wp-content\/uploads\/2020\/07\/nido-manual-imagen-real.png\",\"width\":443,\"height\":332},{\"@type\":\"BreadcrumbList\",\"@id\":\"https:\/\/www.agroventilacion.cl\/home\/producto\/nidos-aves-manuales\/#breadcrumb\",\"itemListElement\":[{\"@type\":\"ListItem\",\"position\":1,\"name\":\"Portada\",\"item\":\"https:\/\/www.agroventilacion.cl\/home\/\"},{\"@type\":\"ListItem\",\"position\":2,\"name\":\"Tienda\",\"item\":\"https:\/\/www.agroventilacion.cl\/home\/tienda\/\"},{\"@type\":\"ListItem\",\"position\":3,\"name\":\"Nidos Aves Manuales\"}]},{\"@type\":\"WebSite\",\"@id\":\"https:\/\/www.agroventilacion.cl\/home\/#website\",\"url\":\"https:\/\/www.agroventilacion.cl\/home\/\",\"name\":\"Agroventilaci\u00f3n\",\"description\":\"Soluciones Agroindustriales\",\"publisher\":{\"@id\":\"https:\/\/www.agroventilacion.cl\/home\/#organization\"},\"potentialAction\":[{\"@type\":\"SearchAction\",\"target\":{\"@type\":\"EntryPoint\",\"urlTemplate\":\"https:\/\/www.agroventilacion.cl\/home\/?s={search_term_string}\"},\"query-input\":{\"@type\":\"PropertyValueSpecification\",\"valueRequired\":true,\"valueName\":\"search_term_string\"}}],\"inLanguage\":\"es\"},{\"@type\":\"Organization\",\"@id\":\"https:\/\/www.agroventilacion.cl\/home\/#organization\",\"name\":\"Agroventilaci\u00f3n Soluciones Agroindustriales\",\"url\":\"https:\/\/www.agroventilacion.cl\/home\/\",\"logo\":{\"@type\":\"ImageObject\",\"inLanguage\":\"es\",\"@id\":\"https:\/\/www.agroventilacion.cl\/home\/#\/schema\/logo\/image\/\",\"url\":\"https:\/\/www.agroventilacion.cl\/home\/wp-content\/uploads\/2020\/06\/Logo-agroventilacion-1.png\",\"contentUrl\":\"https:\/\/www.agroventilacion.cl\/home\/wp-content\/uploads\/2020\/06\/Logo-agroventilacion-1.png\",\"width\":218,\"height\":80,\"caption\":\"Agroventilaci\u00f3n Soluciones Agroindustriales\"},\"image\":{\"@id\":\"https:\/\/www.agroventilacion.cl\/home\/#\/schema\/logo\/image\/\"}}]}<\/script>\n<!-- \/ Yoast SEO plugin. -->","yoast_head_json":{"title":"Nidos Aves Manuales - Agroventilaci\u00f3n","robots":{"index":"index","follow":"follow","max-snippet":"max-snippet:-1","max-image-preview":"max-image-preview:large","max-video-preview":"max-video-preview:-1"},"canonical":"https:\/\/www.agroventilacion.cl\/home\/producto\/nidos-aves-manuales\/","og_locale":"es_ES","og_type":"article","og_title":"Nidos Aves Manuales - Agroventilaci\u00f3n","og_description":"La cinta de recolecci\u00f3n tiene un dise\u00f1o especial que evita que los huevos caigan durante la recogida.  Un sencillo sistema evita que los huevos rueden fuera del nido durante la recogida.  El fondo del nidal, con una pendiente suave, asegura que el huevo ruede hacia la cinta de recogida, enfri\u00e1ndose m\u00e1s r\u00e1pidamente y manteni\u00e9ndose limpio.  La base del nidal est\u00e1 hecha de Turfmat, una alfombrilla perforada. Todas las part\u00edculas de suciedad y deyecciones caen al suelo, obteni\u00e9ndose as\u00ed un huevo limpio que proporcionar\u00e1 mejores resultados.","og_url":"https:\/\/www.agroventilacion.cl\/home\/producto\/nidos-aves-manuales\/","og_site_name":"Agroventilaci\u00f3n","og_image":[{"width":443,"height":332,"url":"https:\/\/www.agroventilacion.cl\/home\/wp-content\/uploads\/2020\/07\/nido-manual-imagen-real.png","type":"image\/png"}],"twitter_card":"summary_large_image","schema":{"@context":"https:\/\/schema.org","@graph":[{"@type":"WebPage","@id":"https:\/\/www.agroventilacion.cl\/home\/producto\/nidos-aves-manuales\/","url":"https:\/\/www.agroventilacion.cl\/home\/producto\/nidos-aves-manuales\/","name":"Nidos Aves Manuales - Agroventilaci\u00f3n","isPartOf":{"@id":"https:\/\/www.agroventilacion.cl\/home\/#website"},"primaryImageOfPage":{"@id":"https:\/\/www.agroventilacion.cl\/home\/producto\/nidos-aves-manuales\/#primaryimage"},"image":{"@id":"https:\/\/www.agroventilacion.cl\/home\/producto\/nidos-aves-manuales\/#primaryimage"},"thumbnailUrl":"https:\/\/www.agroventilacion.cl\/home\/wp-content\/uploads\/2020\/07\/nido-manual-imagen-real.png","datePublished":"2020-07-30T22:41:48+00:00","breadcrumb":{"@id":"https:\/\/www.agroventilacion.cl\/home\/producto\/nidos-aves-manuales\/#breadcrumb"},"inLanguage":"es","potentialAction":[{"@type":"ReadAction","target":["https:\/\/www.agroventilacion.cl\/home\/producto\/nidos-aves-manuales\/"]}]},{"@type":"ImageObject","inLanguage":"es","@id":"https:\/\/www.agroventilacion.cl\/home\/producto\/nidos-aves-manuales\/#primaryimage","url":"https:\/\/www.agroventilacion.cl\/home\/wp-content\/uploads\/2020\/07\/nido-manual-imagen-real.png","contentUrl":"https:\/\/www.agroventilacion.cl\/home\/wp-content\/uploads\/2020\/07\/nido-manual-imagen-real.png","width":443,"height":332},{"@type":"BreadcrumbList","@id":"https:\/\/www.agroventilacion.cl\/home\/producto\/nidos-aves-manuales\/#breadcrumb","itemListElement":[{"@type":"ListItem","position":1,"name":"Portada","item":"https:\/\/www.agroventilacion.cl\/home\/"},{"@type":"ListItem","position":2,"name":"Tienda","item":"https:\/\/www.agroventilacion.cl\/home\/tienda\/"},{"@type":"ListItem","position":3,"name":"Nidos Aves Manuales"}]},{"@type":"WebSite","@id":"https:\/\/www.agroventilacion.cl\/home\/#website","url":"https:\/\/www.agroventilacion.cl\/home\/","name":"Agroventilaci\u00f3n","description":"Soluciones Agroindustriales","publisher":{"@id":"https:\/\/www.agroventilacion.cl\/home\/#organization"},"potentialAction":[{"@type":"SearchAction","target":{"@type":"EntryPoint","urlTemplate":"https:\/\/www.agroventilacion.cl\/home\/?s={search_term_string}"},"query-input":{"@type":"PropertyValueSpecification","valueRequired":true,"valueName":"search_term_string"}}],"inLanguage":"es"},{"@type":"Organization","@id":"https:\/\/www.agroventilacion.cl\/home\/#organization","name":"Agroventilaci\u00f3n Soluciones Agroindustriales","url":"https:\/\/www.agroventilacion.cl\/home\/","logo":{"@type":"ImageObject","inLanguage":"es","@id":"https:\/\/www.agroventilacion.cl\/home\/#\/schema\/logo\/image\/","url":"https:\/\/www.agroventilacion.cl\/home\/wp-content\/uploads\/2020\/06\/Logo-agroventilacion-1.png","contentUrl":"https:\/\/www.agroventilacion.cl\/home\/wp-content\/uploads\/2020\/06\/Logo-agroventilacion-1.png","width":218,"height":80,"caption":"Agroventilaci\u00f3n Soluciones Agroindustriales"},"image":{"@id":"https:\/\/www.agroventilacion.cl\/home\/#\/schema\/logo\/image\/"}}]}},"_links":{"self":[{"href":"https:\/\/www.agroventilacion.cl\/home\/wp-json\/wp\/v2\/product\/1907","targetHints":{"allow":["GET"]}}],"collection":[{"href":"https:\/\/www.agroventilacion.cl\/home\/wp-json\/wp\/v2\/product"}],"about":[{"href":"https:\/\/www.agroventilacion.cl\/home\/wp-json\/wp\/v2\/types\/product"}],"wp:featuredmedia":[{"embeddable":true,"href":"https:\/\/www.agroventilacion.cl\/home\/wp-json\/wp\/v2\/media\/1908"}],"wp:attachment":[{"href":"https:\/\/www.agroventilacion.cl\/home\/wp-json\/wp\/v2\/media?parent=1907"}],"curies":[{"name":"wp","href":"https:\/\/api.w.org\/{rel}","templated":true}]}}