{"id":1912,"date":"2020-07-30T19:48:07","date_gmt":"2020-07-30T22:48:07","guid":{"rendered":"https:\/\/www.agroventilacion.cl\/home\/?post_type=product&#038;p=1912"},"modified":"2020-07-30T19:48:07","modified_gmt":"2020-07-30T22:48:07","slug":"nido-aves-automatico","status":"publish","type":"product","link":"https:\/\/www.agroventilacion.cl\/home\/producto\/nido-aves-automatico\/","title":{"rendered":"Nido Aves Autom\u00e1tico"},"content":{"rendered":"","protected":false},"excerpt":{"rendered":"<h3>Nidal Autom\u00e1tico<\/h3>\n<p><strong>Ventajas<\/strong><\/p>\n<ul>\n<li>M\u00e1xima producci\u00f3n de huevos de alta calidad para incubar huevos con menos roturas y fisuras.<\/li>\n<li>M\u00ednima puesta en el suelo.<\/li>\n<li><span style=\"line-height: 1.7em;\">M\u00e1s de 50% de ahorro en mano de obra.<\/span><\/li>\n<\/ul>\n<p>Nidal construido con componentes de alta calidad, madera y metal, muy robusto y cumpliendo con todas las especificaciones para permitir una r\u00e1pida y f\u00e1cil instalaci\u00f3n y limpieza entre ciclos. El \u00e1caro rojo no puede invadir el nidal debido a que las paredes son macizas.<\/p>\n","protected":false},"featured_media":1913,"template":"","meta":{"_et_pb_use_builder":"","_et_pb_old_content":"","_et_gb_content_width":""},"class_list":{"0":"post-1912","1":"product","2":"type-product","3":"status-publish","4":"has-post-thumbnail","6":"product_cat-jaulas-aves","8":"first","9":"instock","10":"shipping-taxable","11":"product-type-simple"},"yoast_head":"<!-- This site is optimized with the Yoast SEO plugin v24.4 - https:\/\/yoast.com\/wordpress\/plugins\/seo\/ -->\n<title>Nido Aves Autom\u00e1tico - Agroventilaci\u00f3n<\/title>\n<meta name=\"robots\" content=\"index, follow, max-snippet:-1, max-image-preview:large, max-video-preview:-1\" \/>\n<link rel=\"canonical\" href=\"https:\/\/www.agroventilacion.cl\/home\/producto\/nido-aves-automatico\/\" \/>\n<meta property=\"og:locale\" content=\"es_ES\" \/>\n<meta property=\"og:type\" content=\"article\" \/>\n<meta property=\"og:title\" content=\"Nido Aves Autom\u00e1tico - Agroventilaci\u00f3n\" \/>\n<meta property=\"og:description\" content=\"Nidal Autom\u00e1tico Ventajas   M\u00e1xima producci\u00f3n de huevos de alta calidad para incubar huevos con menos roturas y fisuras.  M\u00ednima puesta en el suelo.  M\u00e1s de 50% de ahorro en mano de obra.  Nidal construido con componentes de alta calidad, madera y metal, muy robusto y cumpliendo con todas las especificaciones para permitir una r\u00e1pida y f\u00e1cil instalaci\u00f3n y limpieza entre ciclos. El \u00e1caro rojo no puede invadir el nidal debido a que las paredes son macizas.\" \/>\n<meta property=\"og:url\" content=\"https:\/\/www.agroventilacion.cl\/home\/producto\/nido-aves-automatico\/\" \/>\n<meta property=\"og:site_name\" content=\"Agroventilaci\u00f3n\" \/>\n<meta property=\"og:image\" content=\"https:\/\/www.agroventilacion.cl\/home\/wp-content\/uploads\/2020\/07\/nido-automatico1..png\" \/>\n\t<meta property=\"og:image:width\" content=\"1364\" \/>\n\t<meta property=\"og:image:height\" content=\"735\" \/>\n\t<meta property=\"og:image:type\" content=\"image\/png\" \/>\n<meta name=\"twitter:card\" content=\"summary_large_image\" \/>\n<script type=\"application\/ld+json\" class=\"yoast-schema-graph\">{\"@context\":\"https:\/\/schema.org\",\"@graph\":[{\"@type\":\"WebPage\",\"@id\":\"https:\/\/www.agroventilacion.cl\/home\/producto\/nido-aves-automatico\/\",\"url\":\"https:\/\/www.agroventilacion.cl\/home\/producto\/nido-aves-automatico\/\",\"name\":\"Nido Aves Autom\u00e1tico - Agroventilaci\u00f3n\",\"isPartOf\":{\"@id\":\"https:\/\/www.agroventilacion.cl\/home\/#website\"},\"primaryImageOfPage\":{\"@id\":\"https:\/\/www.agroventilacion.cl\/home\/producto\/nido-aves-automatico\/#primaryimage\"},\"image\":{\"@id\":\"https:\/\/www.agroventilacion.cl\/home\/producto\/nido-aves-automatico\/#primaryimage\"},\"thumbnailUrl\":\"https:\/\/www.agroventilacion.cl\/home\/wp-content\/uploads\/2020\/07\/nido-automatico1..png\",\"datePublished\":\"2020-07-30T22:48:07+00:00\",\"breadcrumb\":{\"@id\":\"https:\/\/www.agroventilacion.cl\/home\/producto\/nido-aves-automatico\/#breadcrumb\"},\"inLanguage\":\"es\",\"potentialAction\":[{\"@type\":\"ReadAction\",\"target\":[\"https:\/\/www.agroventilacion.cl\/home\/producto\/nido-aves-automatico\/\"]}]},{\"@type\":\"ImageObject\",\"inLanguage\":\"es\",\"@id\":\"https:\/\/www.agroventilacion.cl\/home\/producto\/nido-aves-automatico\/#primaryimage\",\"url\":\"https:\/\/www.agroventilacion.cl\/home\/wp-content\/uploads\/2020\/07\/nido-automatico1..png\",\"contentUrl\":\"https:\/\/www.agroventilacion.cl\/home\/wp-content\/uploads\/2020\/07\/nido-automatico1..png\",\"width\":1364,\"height\":735},{\"@type\":\"BreadcrumbList\",\"@id\":\"https:\/\/www.agroventilacion.cl\/home\/producto\/nido-aves-automatico\/#breadcrumb\",\"itemListElement\":[{\"@type\":\"ListItem\",\"position\":1,\"name\":\"Portada\",\"item\":\"https:\/\/www.agroventilacion.cl\/home\/\"},{\"@type\":\"ListItem\",\"position\":2,\"name\":\"Tienda\",\"item\":\"https:\/\/www.agroventilacion.cl\/home\/tienda\/\"},{\"@type\":\"ListItem\",\"position\":3,\"name\":\"Nido Aves Autom\u00e1tico\"}]},{\"@type\":\"WebSite\",\"@id\":\"https:\/\/www.agroventilacion.cl\/home\/#website\",\"url\":\"https:\/\/www.agroventilacion.cl\/home\/\",\"name\":\"Agroventilaci\u00f3n\",\"description\":\"Soluciones Agroindustriales\",\"publisher\":{\"@id\":\"https:\/\/www.agroventilacion.cl\/home\/#organization\"},\"potentialAction\":[{\"@type\":\"SearchAction\",\"target\":{\"@type\":\"EntryPoint\",\"urlTemplate\":\"https:\/\/www.agroventilacion.cl\/home\/?s={search_term_string}\"},\"query-input\":{\"@type\":\"PropertyValueSpecification\",\"valueRequired\":true,\"valueName\":\"search_term_string\"}}],\"inLanguage\":\"es\"},{\"@type\":\"Organization\",\"@id\":\"https:\/\/www.agroventilacion.cl\/home\/#organization\",\"name\":\"Agroventilaci\u00f3n Soluciones Agroindustriales\",\"url\":\"https:\/\/www.agroventilacion.cl\/home\/\",\"logo\":{\"@type\":\"ImageObject\",\"inLanguage\":\"es\",\"@id\":\"https:\/\/www.agroventilacion.cl\/home\/#\/schema\/logo\/image\/\",\"url\":\"https:\/\/www.agroventilacion.cl\/home\/wp-content\/uploads\/2020\/06\/Logo-agroventilacion-1.png\",\"contentUrl\":\"https:\/\/www.agroventilacion.cl\/home\/wp-content\/uploads\/2020\/06\/Logo-agroventilacion-1.png\",\"width\":218,\"height\":80,\"caption\":\"Agroventilaci\u00f3n Soluciones Agroindustriales\"},\"image\":{\"@id\":\"https:\/\/www.agroventilacion.cl\/home\/#\/schema\/logo\/image\/\"}}]}<\/script>\n<!-- \/ Yoast SEO plugin. -->","yoast_head_json":{"title":"Nido Aves Autom\u00e1tico - Agroventilaci\u00f3n","robots":{"index":"index","follow":"follow","max-snippet":"max-snippet:-1","max-image-preview":"max-image-preview:large","max-video-preview":"max-video-preview:-1"},"canonical":"https:\/\/www.agroventilacion.cl\/home\/producto\/nido-aves-automatico\/","og_locale":"es_ES","og_type":"article","og_title":"Nido Aves Autom\u00e1tico - Agroventilaci\u00f3n","og_description":"Nidal Autom\u00e1tico Ventajas   M\u00e1xima producci\u00f3n de huevos de alta calidad para incubar huevos con menos roturas y fisuras.  M\u00ednima puesta en el suelo.  M\u00e1s de 50% de ahorro en mano de obra.  Nidal construido con componentes de alta calidad, madera y metal, muy robusto y cumpliendo con todas las especificaciones para permitir una r\u00e1pida y f\u00e1cil instalaci\u00f3n y limpieza entre ciclos. El \u00e1caro rojo no puede invadir el nidal debido a que las paredes son macizas.","og_url":"https:\/\/www.agroventilacion.cl\/home\/producto\/nido-aves-automatico\/","og_site_name":"Agroventilaci\u00f3n","og_image":[{"width":1364,"height":735,"url":"https:\/\/www.agroventilacion.cl\/home\/wp-content\/uploads\/2020\/07\/nido-automatico1..png","type":"image\/png"}],"twitter_card":"summary_large_image","schema":{"@context":"https:\/\/schema.org","@graph":[{"@type":"WebPage","@id":"https:\/\/www.agroventilacion.cl\/home\/producto\/nido-aves-automatico\/","url":"https:\/\/www.agroventilacion.cl\/home\/producto\/nido-aves-automatico\/","name":"Nido Aves Autom\u00e1tico - Agroventilaci\u00f3n","isPartOf":{"@id":"https:\/\/www.agroventilacion.cl\/home\/#website"},"primaryImageOfPage":{"@id":"https:\/\/www.agroventilacion.cl\/home\/producto\/nido-aves-automatico\/#primaryimage"},"image":{"@id":"https:\/\/www.agroventilacion.cl\/home\/producto\/nido-aves-automatico\/#primaryimage"},"thumbnailUrl":"https:\/\/www.agroventilacion.cl\/home\/wp-content\/uploads\/2020\/07\/nido-automatico1..png","datePublished":"2020-07-30T22:48:07+00:00","breadcrumb":{"@id":"https:\/\/www.agroventilacion.cl\/home\/producto\/nido-aves-automatico\/#breadcrumb"},"inLanguage":"es","potentialAction":[{"@type":"ReadAction","target":["https:\/\/www.agroventilacion.cl\/home\/producto\/nido-aves-automatico\/"]}]},{"@type":"ImageObject","inLanguage":"es","@id":"https:\/\/www.agroventilacion.cl\/home\/producto\/nido-aves-automatico\/#primaryimage","url":"https:\/\/www.agroventilacion.cl\/home\/wp-content\/uploads\/2020\/07\/nido-automatico1..png","contentUrl":"https:\/\/www.agroventilacion.cl\/home\/wp-content\/uploads\/2020\/07\/nido-automatico1..png","width":1364,"height":735},{"@type":"BreadcrumbList","@id":"https:\/\/www.agroventilacion.cl\/home\/producto\/nido-aves-automatico\/#breadcrumb","itemListElement":[{"@type":"ListItem","position":1,"name":"Portada","item":"https:\/\/www.agroventilacion.cl\/home\/"},{"@type":"ListItem","position":2,"name":"Tienda","item":"https:\/\/www.agroventilacion.cl\/home\/tienda\/"},{"@type":"ListItem","position":3,"name":"Nido Aves Autom\u00e1tico"}]},{"@type":"WebSite","@id":"https:\/\/www.agroventilacion.cl\/home\/#website","url":"https:\/\/www.agroventilacion.cl\/home\/","name":"Agroventilaci\u00f3n","description":"Soluciones Agroindustriales","publisher":{"@id":"https:\/\/www.agroventilacion.cl\/home\/#organization"},"potentialAction":[{"@type":"SearchAction","target":{"@type":"EntryPoint","urlTemplate":"https:\/\/www.agroventilacion.cl\/home\/?s={search_term_string}"},"query-input":{"@type":"PropertyValueSpecification","valueRequired":true,"valueName":"search_term_string"}}],"inLanguage":"es"},{"@type":"Organization","@id":"https:\/\/www.agroventilacion.cl\/home\/#organization","name":"Agroventilaci\u00f3n Soluciones Agroindustriales","url":"https:\/\/www.agroventilacion.cl\/home\/","logo":{"@type":"ImageObject","inLanguage":"es","@id":"https:\/\/www.agroventilacion.cl\/home\/#\/schema\/logo\/image\/","url":"https:\/\/www.agroventilacion.cl\/home\/wp-content\/uploads\/2020\/06\/Logo-agroventilacion-1.png","contentUrl":"https:\/\/www.agroventilacion.cl\/home\/wp-content\/uploads\/2020\/06\/Logo-agroventilacion-1.png","width":218,"height":80,"caption":"Agroventilaci\u00f3n Soluciones Agroindustriales"},"image":{"@id":"https:\/\/www.agroventilacion.cl\/home\/#\/schema\/logo\/image\/"}}]}},"_links":{"self":[{"href":"https:\/\/www.agroventilacion.cl\/home\/wp-json\/wp\/v2\/product\/1912","targetHints":{"allow":["GET"]}}],"collection":[{"href":"https:\/\/www.agroventilacion.cl\/home\/wp-json\/wp\/v2\/product"}],"about":[{"href":"https:\/\/www.agroventilacion.cl\/home\/wp-json\/wp\/v2\/types\/product"}],"wp:featuredmedia":[{"embeddable":true,"href":"https:\/\/www.agroventilacion.cl\/home\/wp-json\/wp\/v2\/media\/1913"}],"wp:attachment":[{"href":"https:\/\/www.agroventilacion.cl\/home\/wp-json\/wp\/v2\/media?parent=1912"}],"curies":[{"name":"wp","href":"https:\/\/api.w.org\/{rel}","templated":true}]}}