{"id":831,"date":"2020-07-01T17:38:14","date_gmt":"2020-07-01T20:38:14","guid":{"rendered":"https:\/\/www.agroventilacion.cl\/home\/?post_type=product&#038;p=831"},"modified":"2020-10-20T11:15:36","modified_gmt":"2020-10-20T14:15:36","slug":"trampa-de-luz-de-extractores","status":"publish","type":"product","link":"https:\/\/www.agroventilacion.cl\/home\/producto\/trampa-de-luz-de-extractores\/","title":{"rendered":"Trampa de luz de extractores"},"content":{"rendered":"","protected":false},"excerpt":{"rendered":"<p>Reduce la luz manteniendo un buen flujo de aire. Se recomienda posicionar las l\u00e1minas del obturador verticalmente en caso de que la\u00a0Trampa de luz de extractores se encuentre instalado en ambientes polvosos: los sedimentos caer\u00e1n hacia abajo y no interferir\u00e1n con el flujo de aire. Caja de protecci\u00f3n y persianas realizadas en acero galvanizado.<\/p>\n","protected":false},"featured_media":832,"template":"","meta":{"_et_pb_use_builder":"","_et_pb_old_content":"","_et_gb_content_width":""},"class_list":{"0":"post-831","1":"product","2":"type-product","3":"status-publish","4":"has-post-thumbnail","6":"product_cat-accesorios","8":"first","9":"instock","10":"shipping-taxable","11":"product-type-simple"},"yoast_head":"<!-- This site is optimized with the Yoast SEO plugin v24.4 - https:\/\/yoast.com\/wordpress\/plugins\/seo\/ -->\n<title>Trampa de luz de extractores - Agroventilaci\u00f3n<\/title>\n<meta name=\"robots\" content=\"index, follow, max-snippet:-1, max-image-preview:large, max-video-preview:-1\" \/>\n<link rel=\"canonical\" href=\"https:\/\/www.agroventilacion.cl\/home\/producto\/trampa-de-luz-de-extractores\/\" \/>\n<meta property=\"og:locale\" content=\"es_ES\" \/>\n<meta property=\"og:type\" content=\"article\" \/>\n<meta property=\"og:title\" content=\"Trampa de luz de extractores - Agroventilaci\u00f3n\" \/>\n<meta property=\"og:description\" content=\"Reduce la luz manteniendo un buen flujo de aire. Se recomienda posicionar las l\u00e1minas del obturador verticalmente en caso de que la\u00a0Trampa de luz de extractores se encuentre instalado en ambientes polvosos: los sedimentos caer\u00e1n hacia abajo y no interferir\u00e1n con el flujo de aire. Caja de protecci\u00f3n y persianas realizadas en acero galvanizado.\" \/>\n<meta property=\"og:url\" content=\"https:\/\/www.agroventilacion.cl\/home\/producto\/trampa-de-luz-de-extractores\/\" \/>\n<meta property=\"og:site_name\" content=\"Agroventilaci\u00f3n\" \/>\n<meta property=\"article:modified_time\" content=\"2020-10-20T14:15:36+00:00\" \/>\n<meta property=\"og:image\" content=\"https:\/\/www.agroventilacion.cl\/home\/wp-content\/uploads\/2020\/07\/LTP.png\" \/>\n\t<meta property=\"og:image:width\" content=\"402\" \/>\n\t<meta property=\"og:image:height\" content=\"424\" \/>\n\t<meta property=\"og:image:type\" content=\"image\/png\" \/>\n<meta name=\"twitter:card\" content=\"summary_large_image\" \/>\n<script type=\"application\/ld+json\" class=\"yoast-schema-graph\">{\"@context\":\"https:\/\/schema.org\",\"@graph\":[{\"@type\":\"WebPage\",\"@id\":\"https:\/\/www.agroventilacion.cl\/home\/producto\/trampa-de-luz-de-extractores\/\",\"url\":\"https:\/\/www.agroventilacion.cl\/home\/producto\/trampa-de-luz-de-extractores\/\",\"name\":\"Trampa de luz de extractores - Agroventilaci\u00f3n\",\"isPartOf\":{\"@id\":\"https:\/\/www.agroventilacion.cl\/home\/#website\"},\"primaryImageOfPage\":{\"@id\":\"https:\/\/www.agroventilacion.cl\/home\/producto\/trampa-de-luz-de-extractores\/#primaryimage\"},\"image\":{\"@id\":\"https:\/\/www.agroventilacion.cl\/home\/producto\/trampa-de-luz-de-extractores\/#primaryimage\"},\"thumbnailUrl\":\"https:\/\/www.agroventilacion.cl\/home\/wp-content\/uploads\/2020\/07\/LTP.png\",\"datePublished\":\"2020-07-01T20:38:14+00:00\",\"dateModified\":\"2020-10-20T14:15:36+00:00\",\"breadcrumb\":{\"@id\":\"https:\/\/www.agroventilacion.cl\/home\/producto\/trampa-de-luz-de-extractores\/#breadcrumb\"},\"inLanguage\":\"es\",\"potentialAction\":[{\"@type\":\"ReadAction\",\"target\":[\"https:\/\/www.agroventilacion.cl\/home\/producto\/trampa-de-luz-de-extractores\/\"]}]},{\"@type\":\"ImageObject\",\"inLanguage\":\"es\",\"@id\":\"https:\/\/www.agroventilacion.cl\/home\/producto\/trampa-de-luz-de-extractores\/#primaryimage\",\"url\":\"https:\/\/www.agroventilacion.cl\/home\/wp-content\/uploads\/2020\/07\/LTP.png\",\"contentUrl\":\"https:\/\/www.agroventilacion.cl\/home\/wp-content\/uploads\/2020\/07\/LTP.png\",\"width\":402,\"height\":424},{\"@type\":\"BreadcrumbList\",\"@id\":\"https:\/\/www.agroventilacion.cl\/home\/producto\/trampa-de-luz-de-extractores\/#breadcrumb\",\"itemListElement\":[{\"@type\":\"ListItem\",\"position\":1,\"name\":\"Portada\",\"item\":\"https:\/\/www.agroventilacion.cl\/home\/\"},{\"@type\":\"ListItem\",\"position\":2,\"name\":\"Tienda\",\"item\":\"https:\/\/www.agroventilacion.cl\/home\/tienda\/\"},{\"@type\":\"ListItem\",\"position\":3,\"name\":\"Trampa de luz de extractores\"}]},{\"@type\":\"WebSite\",\"@id\":\"https:\/\/www.agroventilacion.cl\/home\/#website\",\"url\":\"https:\/\/www.agroventilacion.cl\/home\/\",\"name\":\"Agroventilaci\u00f3n\",\"description\":\"Soluciones Agroindustriales\",\"publisher\":{\"@id\":\"https:\/\/www.agroventilacion.cl\/home\/#organization\"},\"potentialAction\":[{\"@type\":\"SearchAction\",\"target\":{\"@type\":\"EntryPoint\",\"urlTemplate\":\"https:\/\/www.agroventilacion.cl\/home\/?s={search_term_string}\"},\"query-input\":{\"@type\":\"PropertyValueSpecification\",\"valueRequired\":true,\"valueName\":\"search_term_string\"}}],\"inLanguage\":\"es\"},{\"@type\":\"Organization\",\"@id\":\"https:\/\/www.agroventilacion.cl\/home\/#organization\",\"name\":\"Agroventilaci\u00f3n Soluciones Agroindustriales\",\"url\":\"https:\/\/www.agroventilacion.cl\/home\/\",\"logo\":{\"@type\":\"ImageObject\",\"inLanguage\":\"es\",\"@id\":\"https:\/\/www.agroventilacion.cl\/home\/#\/schema\/logo\/image\/\",\"url\":\"https:\/\/www.agroventilacion.cl\/home\/wp-content\/uploads\/2020\/06\/Logo-agroventilacion-1.png\",\"contentUrl\":\"https:\/\/www.agroventilacion.cl\/home\/wp-content\/uploads\/2020\/06\/Logo-agroventilacion-1.png\",\"width\":218,\"height\":80,\"caption\":\"Agroventilaci\u00f3n Soluciones Agroindustriales\"},\"image\":{\"@id\":\"https:\/\/www.agroventilacion.cl\/home\/#\/schema\/logo\/image\/\"}}]}<\/script>\n<!-- \/ Yoast SEO plugin. -->","yoast_head_json":{"title":"Trampa de luz de extractores - Agroventilaci\u00f3n","robots":{"index":"index","follow":"follow","max-snippet":"max-snippet:-1","max-image-preview":"max-image-preview:large","max-video-preview":"max-video-preview:-1"},"canonical":"https:\/\/www.agroventilacion.cl\/home\/producto\/trampa-de-luz-de-extractores\/","og_locale":"es_ES","og_type":"article","og_title":"Trampa de luz de extractores - Agroventilaci\u00f3n","og_description":"Reduce la luz manteniendo un buen flujo de aire. Se recomienda posicionar las l\u00e1minas del obturador verticalmente en caso de que la\u00a0Trampa de luz de extractores se encuentre instalado en ambientes polvosos: los sedimentos caer\u00e1n hacia abajo y no interferir\u00e1n con el flujo de aire. Caja de protecci\u00f3n y persianas realizadas en acero galvanizado.","og_url":"https:\/\/www.agroventilacion.cl\/home\/producto\/trampa-de-luz-de-extractores\/","og_site_name":"Agroventilaci\u00f3n","article_modified_time":"2020-10-20T14:15:36+00:00","og_image":[{"width":402,"height":424,"url":"https:\/\/www.agroventilacion.cl\/home\/wp-content\/uploads\/2020\/07\/LTP.png","type":"image\/png"}],"twitter_card":"summary_large_image","schema":{"@context":"https:\/\/schema.org","@graph":[{"@type":"WebPage","@id":"https:\/\/www.agroventilacion.cl\/home\/producto\/trampa-de-luz-de-extractores\/","url":"https:\/\/www.agroventilacion.cl\/home\/producto\/trampa-de-luz-de-extractores\/","name":"Trampa de luz de extractores - Agroventilaci\u00f3n","isPartOf":{"@id":"https:\/\/www.agroventilacion.cl\/home\/#website"},"primaryImageOfPage":{"@id":"https:\/\/www.agroventilacion.cl\/home\/producto\/trampa-de-luz-de-extractores\/#primaryimage"},"image":{"@id":"https:\/\/www.agroventilacion.cl\/home\/producto\/trampa-de-luz-de-extractores\/#primaryimage"},"thumbnailUrl":"https:\/\/www.agroventilacion.cl\/home\/wp-content\/uploads\/2020\/07\/LTP.png","datePublished":"2020-07-01T20:38:14+00:00","dateModified":"2020-10-20T14:15:36+00:00","breadcrumb":{"@id":"https:\/\/www.agroventilacion.cl\/home\/producto\/trampa-de-luz-de-extractores\/#breadcrumb"},"inLanguage":"es","potentialAction":[{"@type":"ReadAction","target":["https:\/\/www.agroventilacion.cl\/home\/producto\/trampa-de-luz-de-extractores\/"]}]},{"@type":"ImageObject","inLanguage":"es","@id":"https:\/\/www.agroventilacion.cl\/home\/producto\/trampa-de-luz-de-extractores\/#primaryimage","url":"https:\/\/www.agroventilacion.cl\/home\/wp-content\/uploads\/2020\/07\/LTP.png","contentUrl":"https:\/\/www.agroventilacion.cl\/home\/wp-content\/uploads\/2020\/07\/LTP.png","width":402,"height":424},{"@type":"BreadcrumbList","@id":"https:\/\/www.agroventilacion.cl\/home\/producto\/trampa-de-luz-de-extractores\/#breadcrumb","itemListElement":[{"@type":"ListItem","position":1,"name":"Portada","item":"https:\/\/www.agroventilacion.cl\/home\/"},{"@type":"ListItem","position":2,"name":"Tienda","item":"https:\/\/www.agroventilacion.cl\/home\/tienda\/"},{"@type":"ListItem","position":3,"name":"Trampa de luz de extractores"}]},{"@type":"WebSite","@id":"https:\/\/www.agroventilacion.cl\/home\/#website","url":"https:\/\/www.agroventilacion.cl\/home\/","name":"Agroventilaci\u00f3n","description":"Soluciones Agroindustriales","publisher":{"@id":"https:\/\/www.agroventilacion.cl\/home\/#organization"},"potentialAction":[{"@type":"SearchAction","target":{"@type":"EntryPoint","urlTemplate":"https:\/\/www.agroventilacion.cl\/home\/?s={search_term_string}"},"query-input":{"@type":"PropertyValueSpecification","valueRequired":true,"valueName":"search_term_string"}}],"inLanguage":"es"},{"@type":"Organization","@id":"https:\/\/www.agroventilacion.cl\/home\/#organization","name":"Agroventilaci\u00f3n Soluciones Agroindustriales","url":"https:\/\/www.agroventilacion.cl\/home\/","logo":{"@type":"ImageObject","inLanguage":"es","@id":"https:\/\/www.agroventilacion.cl\/home\/#\/schema\/logo\/image\/","url":"https:\/\/www.agroventilacion.cl\/home\/wp-content\/uploads\/2020\/06\/Logo-agroventilacion-1.png","contentUrl":"https:\/\/www.agroventilacion.cl\/home\/wp-content\/uploads\/2020\/06\/Logo-agroventilacion-1.png","width":218,"height":80,"caption":"Agroventilaci\u00f3n Soluciones Agroindustriales"},"image":{"@id":"https:\/\/www.agroventilacion.cl\/home\/#\/schema\/logo\/image\/"}}]}},"_links":{"self":[{"href":"https:\/\/www.agroventilacion.cl\/home\/wp-json\/wp\/v2\/product\/831","targetHints":{"allow":["GET"]}}],"collection":[{"href":"https:\/\/www.agroventilacion.cl\/home\/wp-json\/wp\/v2\/product"}],"about":[{"href":"https:\/\/www.agroventilacion.cl\/home\/wp-json\/wp\/v2\/types\/product"}],"wp:featuredmedia":[{"embeddable":true,"href":"https:\/\/www.agroventilacion.cl\/home\/wp-json\/wp\/v2\/media\/832"}],"wp:attachment":[{"href":"https:\/\/www.agroventilacion.cl\/home\/wp-json\/wp\/v2\/media?parent=831"}],"curies":[{"name":"wp","href":"https:\/\/api.w.org\/{rel}","templated":true}]}}